{"id":3758,"date":"2025-04-09T14:08:23","date_gmt":"2025-04-09T11:08:23","guid":{"rendered":"https:\/\/www.croom.fi\/?page_id=3758"},"modified":"2025-04-17T09:49:26","modified_gmt":"2025-04-17T06:49:26","slug":"varsler","status":"publish","type":"page","link":"https:\/\/www.croom.fi\/nb\/whistleblower\/","title":{"rendered":"Varsler"},"content":{"rendered":"<div id=\"wp-block-themeisle-blocks-advanced-columns-2c60bc77\" class=\"wp-block-themeisle-blocks-advanced-columns alignfull has-1-columns has-desktop-equal-layout has-tablet-equal-layout has-mobile-equal-layout has-vertical-center ticss-c00aadba\"><div class=\"wp-block-themeisle-blocks-advanced-columns-overlay\"><\/div><div class=\"innerblocks-wrap\">\n<div id=\"wp-block-themeisle-blocks-advanced-column-75b9263d\" class=\"wp-block-themeisle-blocks-advanced-column\">\n<h1 class=\"wp-block-heading has-white-color has-text-color has-link-color wp-elements-b5913086f8e4fe8551296df820b43759\" style=\"font-size:50px\">Kanal for varsling av kritikkverdige forhold<\/h1>\n<\/div>\n<\/div><div class=\"wp-block-themeisle-blocks-advanced-columns-separators bottom\"><svg id=\"slant\" fill=\"#ffffff\" viewbox=\"0 0 100 100\" width=\"100%\" height=\"100\" preserveaspectratio=\"none\" xmlns=\"http:\/\/www.w3.org\/2000\/svg\" class=\"rotate\"><path d=\"M0 0 L0 100 L100 0 Z\"><\/path><\/svg><\/div><\/div>\n\n\n\n<div class=\"wp-block-columns is-layout-flex wp-container-core-columns-is-layout-28f84493 wp-block-columns-is-layout-flex\">\n<div class=\"wp-block-column is-layout-flow wp-block-column-is-layout-flow\">\n<h2 class=\"wp-block-heading\">Vi \u00f8nsker \u00e5 gj\u00f8re det rette og opptre ansvarlig<\/h2>\n\n\n\n<h4 class=\"wp-block-heading\">\u00c5penhet og det \u00e5 gj\u00f8re det rette er viktig for oss. Vi har en rapporteringskanal der du kan rapportere uregelmessigheter og problemer.<\/h4>\n\n\n\n<p>Fyll ut skjemaet nedenfor og ta til slutt sakskoden. Koden gj\u00f8r at du kan f\u00f8lge fremdriften i varslingen. <\/p>\n\n\n\n<p><strong>Merk!<\/strong> ikke oppgi personlig eller annen identifiserbar informasjon med mindre det er avgj\u00f8rende for varslingen.<\/p>\n\n\n\n<div class=\"wp-block-columns is-layout-flex wp-container-core-columns-is-layout-28f84493 wp-block-columns-is-layout-flex\">\n<div class=\"wp-block-column is-layout-flow wp-block-column-is-layout-flow\" style=\"padding-top:0;padding-bottom:var(--wp--preset--spacing--60)\">        <div class=\"wbls-form-container wbls-embed-form\">\n            <form method=\"post\" class=\"wbls-form\" id=\"wbls-form-3746\" action=\"\" >\n                                        <div class=\"wbls-front-header\">\n                           <p>Kanal for varsling av varslere<\/p>                        <\/div>\n                                <input type=\"hidden\" value=\"3746\" name=\"wbls_form_id\">\n                <input type=\"hidden\" value=\"wbls_front_ajax\" name=\"action\">\n                <input type=\"hidden\" value=\"wbls_submit_form\" name=\"task\">\n                <input type=\"hidden\" value=\"3746\" name=\"wbls_form_id\">\n                <input type=\"text\" value=\"\" name=\"wbls_security\" class=\"wbls-security\" required>\n                <div class=\"wblsform-page-and-images wbls-form-builder\"><div class=\"wblsform_section\"><div class=\"wblsform_column wbls-hidden\"><\/div><div class=\"wblsform_column\"><div class=\"wblsform-row wbls-label-top wblsform-row-edit-active\" data-field-id=\"0\"><label class=\"wbls-field-label\">Bekymring*<\/label><input class=\"wbls-field\" type=\"text\" name=\"wbls_field_0\" value=\"\" required=\"\"><p class=\"wbls-field-description\"><\/p>                                                                        <\/div><\/div><div class=\"wblsform_column\"><div class=\"wblsform-row wbls-label-top\" data-field-id=\"1\"><label class=\"wbls-field-label\">Tidspunkt for hendelsen*<\/label><input class=\"wbls-field\" type=\"text\" name=\"wbls_field_1\" value=\"\" required=\"\"><p class=\"wbls-field-description\">dd.dd.\u00e5\u00e5\u00e5\u00e5\u00e5<\/p>                                                                        <\/div><\/div><div class=\"wblsform_column\"><div class=\"wblsform-row wbls-label-top\" data-field-id=\"2\"><label class=\"wbls-field-label\">Sted*<\/label><input class=\"wbls-field\" type=\"text\" name=\"wbls_field_2\" value=\"\" required=\"\"><p class=\"wbls-field-description\"><\/p>                                                                        <\/div><\/div><div class=\"wblsform_column\"><div class=\"wblsform-row wbls-label-top\" data-field-id=\"3\"><label class=\"wbls-field-label\">Mer informasjon om arrangementet<\/label><textarea class=\"wbls-field\" name=\"wbls_field_3\"><\/textarea><p class=\"wbls-field-description\">V\u00e6r s\u00e5 spesifikk som mulig om arrangementet. Oppgi ALDRI personopplysninger eller annen identifiserbar personlig informasjon!<\/p>                                                                        <\/div><\/div><div class=\"wblsform_column\"><div class=\"wblsform-row wblsform-row-submit wbls-label-top\" data-field-id=\"4\"><button class=\"wbls-submit-form\">Send en melding<\/button>                                                <\/div><\/div><div class=\"wblsform_column wbls-hidden\"><\/div><\/div><\/div>\n            <input type=\"hidden\" name=\"trp-form-language\" value=\"nb\"\/><\/form>\n        <\/div>\n        \n<\/div>\n<\/div>\n<\/div>\n\n\n\n<div class=\"wp-block-column is-layout-flow wp-block-column-is-layout-flow\">\n<h2 class=\"wp-block-heading\">\u00c5pne varsler<\/h2>\n\n\n\n<p>Sjekk statusen p\u00e5 det \u00e5pne varselet \/ gi ytterligere informasjon ved hjelp av den unike sakskoden du mottok sammen med varselet.<\/p>\n\n\n\n<div class=\"wp-block-columns is-layout-flex wp-container-core-columns-is-layout-28f84493 wp-block-columns-is-layout-flex\">\n<div class=\"wp-block-column is-layout-flow wp-block-column-is-layout-flow\">        <div class=\"wbls-login-container wbls-embed-login\">\n                            <div class=\"wbls-front-header\"><p>Logg inn<\/p><\/div>                        <div class=\"wbls-embed-chat-container\">\n                <div class=\"wbls-chat-header wbls-embed-chat-header wbls-hidden\">\n                    <div class=\"wbls-chat-header-title\">\n                        <div class=\"wbls-chat-header-title-text\">Meldinger<\/div>\n                        <span class=\"wbls-chat-status\"><\/span>\n                    <\/div>\n                    <div class=\"wbls-chat-header-close\" title=\"Log Out\"><\/div>\n                <\/div>\n                <div class=\"wbls-token-row\">\n                    <div>\n                        <input type=\"text\" value=\"\" name=\"wbls_token\" class=\"wbls-token-input\" autocomplete=\"off\">\n                        <input type=\"text\" value=\"\" name=\"wbls_security\" class=\"wbls-security\" required>\n                        <button class=\"wbls-login-button\">Logg inn<\/button>\n                    <\/div>\n                    <span class=\"wbls-error-msg wbls-hidden\"><\/span>\n                <\/div>\n            <\/div>\n        <\/div>\n        \n<\/div>\n<\/div>\n<\/div>\n<\/div>","protected":false},"excerpt":{"rendered":"<p>Haluamme toimia oikein ja vastuullisesti Avoimuus ja oikein toimiminen on meille t\u00e4rke\u00e4\u00e4. K\u00e4yt\u00f6ss\u00e4mme on ilmoituskanava, jonka kautta voit ilmoittaa v\u00e4\u00e4rink\u00e4yt\u00f6kset ja ongelmakohdat. T\u00e4yt\u00e4 alla oleva lomake ja ota lopuksi tapauskoodi talteen. Koodin avulla voit seurata ilmoituksen edistymist\u00e4. Huom! \u00e4l\u00e4 anna mit\u00e4\u00e4n henkil\u00f6tietojasi tai muita tunnistettavia tietoja jos ne eiv\u00e4t ole kriittisi\u00e4 ilmoituksen kannalta. Avoimet ilmoitukset [&hellip;]<\/p>\n","protected":false},"author":1,"featured_media":0,"parent":0,"menu_order":0,"comment_status":"closed","ping_status":"closed","template":"","meta":{"inline_featured_image":false,"_themeisle_gutenberg_block_has_review":false,"footnotes":""},"class_list":["post-3758","page","type-page","status-publish","hentry"],"yoast_head":"<!-- This site is optimized with the Yoast SEO plugin v27.3 - https:\/\/yoast.com\/product\/yoast-seo-wordpress\/ -->\n<title>Whistleblower - cRoom -laitetilat<\/title>\n<meta name=\"robots\" content=\"index, follow, max-snippet:-1, max-image-preview:large, max-video-preview:-1\" \/>\n<link rel=\"canonical\" href=\"https:\/\/www.croom.fi\/nb\/varsler\/\" \/>\n<meta property=\"og:locale\" content=\"nb_NO\" \/>\n<meta property=\"og:type\" content=\"article\" \/>\n<meta property=\"og:title\" content=\"Whistleblower - cRoom -laitetilat\" \/>\n<meta property=\"og:description\" content=\"Haluamme toimia oikein ja vastuullisesti Avoimuus ja oikein toimiminen on meille t\u00e4rke\u00e4\u00e4. K\u00e4yt\u00f6ss\u00e4mme on ilmoituskanava, jonka kautta voit ilmoittaa v\u00e4\u00e4rink\u00e4yt\u00f6kset ja ongelmakohdat. T\u00e4yt\u00e4 alla oleva lomake ja ota lopuksi tapauskoodi talteen. Koodin avulla voit seurata ilmoituksen edistymist\u00e4. Huom! \u00e4l\u00e4 anna mit\u00e4\u00e4n henkil\u00f6tietojasi tai muita tunnistettavia tietoja jos ne eiv\u00e4t ole kriittisi\u00e4 ilmoituksen kannalta. Avoimet ilmoitukset [&hellip;]\" \/>\n<meta property=\"og:url\" content=\"https:\/\/www.croom.fi\/nb\/varsler\/\" \/>\n<meta property=\"og:site_name\" content=\"cRoom -laitetilat\" \/>\n<meta property=\"article:modified_time\" content=\"2025-04-17T06:49:26+00:00\" \/>\n<meta name=\"twitter:card\" content=\"summary_large_image\" \/>\n<meta name=\"twitter:label1\" content=\"Ansl. lesetid\" \/>\n\t<meta name=\"twitter:data1\" content=\"1 minutt\" \/>\n<script type=\"application\/ld+json\" class=\"yoast-schema-graph\">{\"@context\":\"https:\\\/\\\/schema.org\",\"@graph\":[{\"@type\":\"WebPage\",\"@id\":\"https:\\\/\\\/www.croom.fi\\\/whistleblower\\\/\",\"url\":\"https:\\\/\\\/www.croom.fi\\\/whistleblower\\\/\",\"name\":\"Whistleblower - cRoom -laitetilat\",\"isPartOf\":{\"@id\":\"https:\\\/\\\/www.croom.fi\\\/#website\"},\"datePublished\":\"2025-04-09T11:08:23+00:00\",\"dateModified\":\"2025-04-17T06:49:26+00:00\",\"breadcrumb\":{\"@id\":\"https:\\\/\\\/www.croom.fi\\\/whistleblower\\\/#breadcrumb\"},\"inLanguage\":\"nb-NO\",\"potentialAction\":[{\"@type\":\"ReadAction\",\"target\":[\"https:\\\/\\\/www.croom.fi\\\/whistleblower\\\/\"]}]},{\"@type\":\"BreadcrumbList\",\"@id\":\"https:\\\/\\\/www.croom.fi\\\/whistleblower\\\/#breadcrumb\",\"itemListElement\":[{\"@type\":\"ListItem\",\"position\":1,\"name\":\"Etusivu\",\"item\":\"https:\\\/\\\/www.croom.fi\\\/\"},{\"@type\":\"ListItem\",\"position\":2,\"name\":\"Whistleblower\"}]},{\"@type\":\"WebSite\",\"@id\":\"https:\\\/\\\/www.croom.fi\\\/#website\",\"url\":\"https:\\\/\\\/www.croom.fi\\\/\",\"name\":\"cRoom -laitetilat\",\"description\":\"Laitetilojen suunnittelu ja valmistus\",\"publisher\":{\"@id\":\"https:\\\/\\\/www.croom.fi\\\/#organization\"},\"potentialAction\":[{\"@type\":\"SearchAction\",\"target\":{\"@type\":\"EntryPoint\",\"urlTemplate\":\"https:\\\/\\\/www.croom.fi\\\/?s={search_term_string}\"},\"query-input\":{\"@type\":\"PropertyValueSpecification\",\"valueRequired\":true,\"valueName\":\"search_term_string\"}}],\"inLanguage\":\"nb-NO\"},{\"@type\":\"Organization\",\"@id\":\"https:\\\/\\\/www.croom.fi\\\/#organization\",\"name\":\"cRoom -laitetilat\",\"url\":\"https:\\\/\\\/www.croom.fi\\\/\",\"logo\":{\"@type\":\"ImageObject\",\"inLanguage\":\"nb-NO\",\"@id\":\"https:\\\/\\\/www.croom.fi\\\/#\\\/schema\\\/logo\\\/image\\\/\",\"url\":\"https:\\\/\\\/www.croom.fi\\\/wp-content\\\/uploads\\\/2023\\\/03\\\/croom-logo-alt.svg\",\"contentUrl\":\"https:\\\/\\\/www.croom.fi\\\/wp-content\\\/uploads\\\/2023\\\/03\\\/croom-logo-alt.svg\",\"width\":260,\"height\":38,\"caption\":\"cRoom -laitetilat\"},\"image\":{\"@id\":\"https:\\\/\\\/www.croom.fi\\\/#\\\/schema\\\/logo\\\/image\\\/\"}}]}<\/script>\n<!-- \/ Yoast SEO plugin. -->","yoast_head_json":{"title":"Whistleblower - cRoom utstyrsrom","robots":{"index":"index","follow":"follow","max-snippet":"max-snippet:-1","max-image-preview":"max-image-preview:large","max-video-preview":"max-video-preview:-1"},"canonical":"https:\/\/www.croom.fi\/nb\/varsler\/","og_locale":"nb_NO","og_type":"article","og_title":"Whistleblower - cRoom -laitetilat","og_description":"Haluamme toimia oikein ja vastuullisesti Avoimuus ja oikein toimiminen on meille t\u00e4rke\u00e4\u00e4. K\u00e4yt\u00f6ss\u00e4mme on ilmoituskanava, jonka kautta voit ilmoittaa v\u00e4\u00e4rink\u00e4yt\u00f6kset ja ongelmakohdat. T\u00e4yt\u00e4 alla oleva lomake ja ota lopuksi tapauskoodi talteen. Koodin avulla voit seurata ilmoituksen edistymist\u00e4. Huom! \u00e4l\u00e4 anna mit\u00e4\u00e4n henkil\u00f6tietojasi tai muita tunnistettavia tietoja jos ne eiv\u00e4t ole kriittisi\u00e4 ilmoituksen kannalta. Avoimet ilmoitukset [&hellip;]","og_url":"https:\/\/www.croom.fi\/nb\/varsler\/","og_site_name":"cRoom -laitetilat","article_modified_time":"2025-04-17T06:49:26+00:00","twitter_card":"summary_large_image","twitter_misc":{"Ansl. lesetid":"1 minutt"},"schema":{"@context":"https:\/\/schema.org","@graph":[{"@type":"WebPage","@id":"https:\/\/www.croom.fi\/whistleblower\/","url":"https:\/\/www.croom.fi\/whistleblower\/","name":"Whistleblower - cRoom utstyrsrom","isPartOf":{"@id":"https:\/\/www.croom.fi\/#website"},"datePublished":"2025-04-09T11:08:23+00:00","dateModified":"2025-04-17T06:49:26+00:00","breadcrumb":{"@id":"https:\/\/www.croom.fi\/whistleblower\/#breadcrumb"},"inLanguage":"nb-NO","potentialAction":[{"@type":"ReadAction","target":["https:\/\/www.croom.fi\/whistleblower\/"]}]},{"@type":"BreadcrumbList","@id":"https:\/\/www.croom.fi\/whistleblower\/#breadcrumb","itemListElement":[{"@type":"ListItem","position":1,"name":"Etusivu","item":"https:\/\/www.croom.fi\/"},{"@type":"ListItem","position":2,"name":"Whistleblower"}]},{"@type":"WebSite","@id":"https:\/\/www.croom.fi\/#website","url":"https:\/\/www.croom.fi\/","name":"cRoom teknikkhus","description":"Design og produksjon av utstyrsrom","publisher":{"@id":"https:\/\/www.croom.fi\/#organization"},"potentialAction":[{"@type":"SearchAction","target":{"@type":"EntryPoint","urlTemplate":"https:\/\/www.croom.fi\/?s={search_term_string}"},"query-input":{"@type":"PropertyValueSpecification","valueRequired":true,"valueName":"search_term_string"}}],"inLanguage":"nb-NO"},{"@type":"Organization","@id":"https:\/\/www.croom.fi\/#organization","name":"cRoom teknikkhus","url":"https:\/\/www.croom.fi\/","logo":{"@type":"ImageObject","inLanguage":"nb-NO","@id":"https:\/\/www.croom.fi\/#\/schema\/logo\/image\/","url":"https:\/\/www.croom.fi\/wp-content\/uploads\/2023\/03\/croom-logo-alt.svg","contentUrl":"https:\/\/www.croom.fi\/wp-content\/uploads\/2023\/03\/croom-logo-alt.svg","width":260,"height":38,"caption":"cRoom -laitetilat"},"image":{"@id":"https:\/\/www.croom.fi\/#\/schema\/logo\/image\/"}}]}},"_links":{"self":[{"href":"https:\/\/www.croom.fi\/nb\/wp-json\/wp\/v2\/pages\/3758","targetHints":{"allow":["GET"]}}],"collection":[{"href":"https:\/\/www.croom.fi\/nb\/wp-json\/wp\/v2\/pages"}],"about":[{"href":"https:\/\/www.croom.fi\/nb\/wp-json\/wp\/v2\/types\/page"}],"author":[{"embeddable":true,"href":"https:\/\/www.croom.fi\/nb\/wp-json\/wp\/v2\/users\/1"}],"replies":[{"embeddable":true,"href":"https:\/\/www.croom.fi\/nb\/wp-json\/wp\/v2\/comments?post=3758"}],"version-history":[{"count":33,"href":"https:\/\/www.croom.fi\/nb\/wp-json\/wp\/v2\/pages\/3758\/revisions"}],"predecessor-version":[{"id":3809,"href":"https:\/\/www.croom.fi\/nb\/wp-json\/wp\/v2\/pages\/3758\/revisions\/3809"}],"wp:attachment":[{"href":"https:\/\/www.croom.fi\/nb\/wp-json\/wp\/v2\/media?parent=3758"}],"curies":[{"name":"wp","href":"https:\/\/api.w.org\/{rel}","templated":true}]}}