{"id":3758,"date":"2025-04-09T14:08:23","date_gmt":"2025-04-09T11:08:23","guid":{"rendered":"https:\/\/www.croom.fi\/?page_id=3758"},"modified":"2025-04-17T09:49:26","modified_gmt":"2025-04-17T06:49:26","slug":"whistleblower","status":"publish","type":"page","link":"https:\/\/www.croom.fi\/en\/whistleblower\/","title":{"rendered":"Whistleblower"},"content":{"rendered":"<div id=\"wp-block-themeisle-blocks-advanced-columns-2c60bc77\" class=\"wp-block-themeisle-blocks-advanced-columns alignfull has-1-columns has-desktop-equal-layout has-tablet-equal-layout has-mobile-equal-layout has-vertical-center ticss-c00aadba\"><div class=\"wp-block-themeisle-blocks-advanced-columns-overlay\"><\/div><div class=\"innerblocks-wrap\">\n<div id=\"wp-block-themeisle-blocks-advanced-column-75b9263d\" class=\"wp-block-themeisle-blocks-advanced-column\">\n<h1 class=\"wp-block-heading has-white-color has-text-color has-link-color wp-elements-b5913086f8e4fe8551296df820b43759\" style=\"font-size:50px\">Whistleblowing reporting channel<\/h1>\n<\/div>\n<\/div><div class=\"wp-block-themeisle-blocks-advanced-columns-separators bottom\"><svg id=\"slant\" fill=\"#ffffff\" viewbox=\"0 0 100 100\" width=\"100%\" height=\"100\" preserveaspectratio=\"none\" xmlns=\"http:\/\/www.w3.org\/2000\/svg\" class=\"rotate\"><path d=\"M0 0 L0 100 L100 0 Z\"><\/path><\/svg><\/div><\/div>\n\n\n\n<div class=\"wp-block-columns is-layout-flex wp-container-core-columns-is-layout-28f84493 wp-block-columns-is-layout-flex\">\n<div class=\"wp-block-column is-layout-flow wp-block-column-is-layout-flow\">\n<h2 class=\"wp-block-heading\">We want to do the right thing and act responsibly<\/h2>\n\n\n\n<h4 class=\"wp-block-heading\">Transparency and doing the right thing are important to us. We have a reporting channel where you can report misconduct and concerns.<\/h4>\n\n\n\n<p>Fill in the form below and note down the case code. The code will allow you to track the progress of the notification. <\/p>\n\n\n\n<p><strong>Note!<\/strong> do not provide any of your personal or other identifiable information unless it is critical to the notification.<\/p>\n\n\n\n<div class=\"wp-block-columns is-layout-flex wp-container-core-columns-is-layout-28f84493 wp-block-columns-is-layout-flex\">\n<div class=\"wp-block-column is-layout-flow wp-block-column-is-layout-flow\" style=\"padding-top:0;padding-bottom:var(--wp--preset--spacing--60)\">        <div class=\"wbls-form-container wbls-embed-form\">\n            <form method=\"post\" class=\"wbls-form\" id=\"wbls-form-3746\" action=\"\" >\n                                        <div class=\"wbls-front-header\">\n                           <p>Whistleblower reporting channel<\/p>                        <\/div>\n                                <input type=\"hidden\" value=\"3746\" name=\"wbls_form_id\">\n                <input type=\"hidden\" value=\"wbls_front_ajax\" name=\"action\">\n                <input type=\"hidden\" value=\"wbls_submit_form\" name=\"task\">\n                <input type=\"hidden\" value=\"3746\" name=\"wbls_form_id\">\n                <input type=\"text\" value=\"\" name=\"wbls_security\" class=\"wbls-security\" required>\n                <div class=\"wblsform-page-and-images wbls-form-builder\"><div class=\"wblsform_section\"><div class=\"wblsform_column wbls-hidden\"><\/div><div class=\"wblsform_column\"><div class=\"wblsform-row wbls-label-top wblsform-row-edit-active\" data-field-id=\"0\"><label class=\"wbls-field-label\">Concern*<\/label><input class=\"wbls-field\" type=\"text\" name=\"wbls_field_0\" value=\"\" required=\"\"><p class=\"wbls-field-description\"><\/p>                                                                        <\/div><\/div><div class=\"wblsform_column\"><div class=\"wblsform-row wbls-label-top\" data-field-id=\"1\"><label class=\"wbls-field-label\">Event time*<\/label><input class=\"wbls-field\" type=\"text\" name=\"wbls_field_1\" value=\"\" required=\"\"><p class=\"wbls-field-description\">dd.mm.yyyy<\/p>                                                                        <\/div><\/div><div class=\"wblsform_column\"><div class=\"wblsform-row wbls-label-top\" data-field-id=\"2\"><label class=\"wbls-field-label\">Venue*<\/label><input class=\"wbls-field\" type=\"text\" name=\"wbls_field_2\" value=\"\" required=\"\"><p class=\"wbls-field-description\"><\/p>                                                                        <\/div><\/div><div class=\"wblsform_column\"><div class=\"wblsform-row wbls-label-top\" data-field-id=\"3\"><label class=\"wbls-field-label\">More information about the event<\/label><textarea class=\"wbls-field\" name=\"wbls_field_3\"><\/textarea><p class=\"wbls-field-description\">Please be as specific as possible about the event. NEVER give out your personal details or any other identifiable personal information!<\/p>                                                                        <\/div><\/div><div class=\"wblsform_column\"><div class=\"wblsform-row wblsform-row-submit wbls-label-top\" data-field-id=\"4\"><button class=\"wbls-submit-form\">Send a message<\/button>                                                <\/div><\/div><div class=\"wblsform_column wbls-hidden\"><\/div><\/div><\/div>\n            <input type=\"hidden\" name=\"trp-form-language\" value=\"en\"\/><\/form>\n        <\/div>\n        \n<\/div>\n<\/div>\n<\/div>\n\n\n\n<div class=\"wp-block-column is-layout-flow wp-block-column-is-layout-flow\">\n<h2 class=\"wp-block-heading\">Open notifications<\/h2>\n\n\n\n<p>Check the status of the open alert \/ provide further information using the unique case code you received with the alert.<\/p>\n\n\n\n<div class=\"wp-block-columns is-layout-flex wp-container-core-columns-is-layout-28f84493 wp-block-columns-is-layout-flex\">\n<div class=\"wp-block-column is-layout-flow wp-block-column-is-layout-flow\">        <div class=\"wbls-login-container wbls-embed-login\">\n                            <div class=\"wbls-front-header\"><p>Case code<\/p><\/div>                        <div class=\"wbls-embed-chat-container\">\n                <div class=\"wbls-chat-header wbls-embed-chat-header wbls-hidden\">\n                    <div class=\"wbls-chat-header-title\">\n                        <div class=\"wbls-chat-header-title-text\">Messages<\/div>\n                        <span class=\"wbls-chat-status\"><\/span>\n                    <\/div>\n                    <div class=\"wbls-chat-header-close\" title=\"Log Out\"><\/div>\n                <\/div>\n                <div class=\"wbls-token-row\">\n                    <div>\n                        <input type=\"text\" value=\"\" name=\"wbls_token\" class=\"wbls-token-input\" autocomplete=\"off\">\n                        <input type=\"text\" value=\"\" name=\"wbls_security\" class=\"wbls-security\" required>\n                        <button class=\"wbls-login-button\">Login<\/button>\n                    <\/div>\n                    <span class=\"wbls-error-msg wbls-hidden\"><\/span>\n                <\/div>\n            <\/div>\n        <\/div>\n        \n<\/div>\n<\/div>\n<\/div>\n<\/div>","protected":false},"excerpt":{"rendered":"<p>Haluamme toimia oikein ja vastuullisesti Avoimuus ja oikein toimiminen on meille t\u00e4rke\u00e4\u00e4. K\u00e4yt\u00f6ss\u00e4mme on ilmoituskanava, jonka kautta voit ilmoittaa v\u00e4\u00e4rink\u00e4yt\u00f6kset ja ongelmakohdat. T\u00e4yt\u00e4 alla oleva lomake ja ota lopuksi tapauskoodi talteen. Koodin avulla voit seurata ilmoituksen edistymist\u00e4. Huom! \u00e4l\u00e4 anna mit\u00e4\u00e4n henkil\u00f6tietojasi tai muita tunnistettavia tietoja jos ne eiv\u00e4t ole kriittisi\u00e4 ilmoituksen kannalta. Avoimet ilmoitukset [&hellip;]<\/p>\n","protected":false},"author":1,"featured_media":0,"parent":0,"menu_order":0,"comment_status":"closed","ping_status":"closed","template":"","meta":{"inline_featured_image":false,"_themeisle_gutenberg_block_has_review":false,"footnotes":""},"class_list":["post-3758","page","type-page","status-publish","hentry"],"yoast_head":"<!-- This site is optimized with the Yoast SEO plugin v27.5 - https:\/\/yoast.com\/product\/yoast-seo-wordpress\/ -->\n<title>Whistleblower - cRoom -laitetilat<\/title>\n<meta name=\"robots\" content=\"index, follow, max-snippet:-1, max-image-preview:large, max-video-preview:-1\" \/>\n<link rel=\"canonical\" href=\"https:\/\/www.croom.fi\/en\/whistleblower\/\" \/>\n<meta property=\"og:locale\" content=\"en_GB\" \/>\n<meta property=\"og:type\" content=\"article\" \/>\n<meta property=\"og:title\" content=\"Whistleblower - cRoom -laitetilat\" \/>\n<meta property=\"og:description\" content=\"Haluamme toimia oikein ja vastuullisesti Avoimuus ja oikein toimiminen on meille t\u00e4rke\u00e4\u00e4. K\u00e4yt\u00f6ss\u00e4mme on ilmoituskanava, jonka kautta voit ilmoittaa v\u00e4\u00e4rink\u00e4yt\u00f6kset ja ongelmakohdat. T\u00e4yt\u00e4 alla oleva lomake ja ota lopuksi tapauskoodi talteen. Koodin avulla voit seurata ilmoituksen edistymist\u00e4. Huom! \u00e4l\u00e4 anna mit\u00e4\u00e4n henkil\u00f6tietojasi tai muita tunnistettavia tietoja jos ne eiv\u00e4t ole kriittisi\u00e4 ilmoituksen kannalta. Avoimet ilmoitukset [&hellip;]\" \/>\n<meta property=\"og:url\" content=\"https:\/\/www.croom.fi\/en\/whistleblower\/\" \/>\n<meta property=\"og:site_name\" content=\"cRoom -laitetilat\" \/>\n<meta property=\"article:modified_time\" content=\"2025-04-17T06:49:26+00:00\" \/>\n<meta name=\"twitter:card\" content=\"summary_large_image\" \/>\n<meta name=\"twitter:label1\" content=\"Estimated reading time\" \/>\n\t<meta name=\"twitter:data1\" content=\"1 minute\" \/>\n<script type=\"application\/ld+json\" class=\"yoast-schema-graph\">{\"@context\":\"https:\\\/\\\/schema.org\",\"@graph\":[{\"@type\":\"WebPage\",\"@id\":\"https:\\\/\\\/www.croom.fi\\\/whistleblower\\\/\",\"url\":\"https:\\\/\\\/www.croom.fi\\\/whistleblower\\\/\",\"name\":\"Whistleblower - cRoom -laitetilat\",\"isPartOf\":{\"@id\":\"https:\\\/\\\/www.croom.fi\\\/#website\"},\"datePublished\":\"2025-04-09T11:08:23+00:00\",\"dateModified\":\"2025-04-17T06:49:26+00:00\",\"breadcrumb\":{\"@id\":\"https:\\\/\\\/www.croom.fi\\\/whistleblower\\\/#breadcrumb\"},\"inLanguage\":\"en-GB\",\"potentialAction\":[{\"@type\":\"ReadAction\",\"target\":[\"https:\\\/\\\/www.croom.fi\\\/whistleblower\\\/\"]}]},{\"@type\":\"BreadcrumbList\",\"@id\":\"https:\\\/\\\/www.croom.fi\\\/whistleblower\\\/#breadcrumb\",\"itemListElement\":[{\"@type\":\"ListItem\",\"position\":1,\"name\":\"Etusivu\",\"item\":\"https:\\\/\\\/www.croom.fi\\\/\"},{\"@type\":\"ListItem\",\"position\":2,\"name\":\"Whistleblower\"}]},{\"@type\":\"WebSite\",\"@id\":\"https:\\\/\\\/www.croom.fi\\\/#website\",\"url\":\"https:\\\/\\\/www.croom.fi\\\/\",\"name\":\"cRoom -laitetilat\",\"description\":\"Laitetilojen suunnittelu ja valmistus\",\"publisher\":{\"@id\":\"https:\\\/\\\/www.croom.fi\\\/#organization\"},\"potentialAction\":[{\"@type\":\"SearchAction\",\"target\":{\"@type\":\"EntryPoint\",\"urlTemplate\":\"https:\\\/\\\/www.croom.fi\\\/?s={search_term_string}\"},\"query-input\":{\"@type\":\"PropertyValueSpecification\",\"valueRequired\":true,\"valueName\":\"search_term_string\"}}],\"inLanguage\":\"en-GB\"},{\"@type\":\"Organization\",\"@id\":\"https:\\\/\\\/www.croom.fi\\\/#organization\",\"name\":\"cRoom -laitetilat\",\"url\":\"https:\\\/\\\/www.croom.fi\\\/\",\"logo\":{\"@type\":\"ImageObject\",\"inLanguage\":\"en-GB\",\"@id\":\"https:\\\/\\\/www.croom.fi\\\/#\\\/schema\\\/logo\\\/image\\\/\",\"url\":\"https:\\\/\\\/www.croom.fi\\\/wp-content\\\/uploads\\\/2023\\\/03\\\/croom-logo-alt.svg\",\"contentUrl\":\"https:\\\/\\\/www.croom.fi\\\/wp-content\\\/uploads\\\/2023\\\/03\\\/croom-logo-alt.svg\",\"width\":260,\"height\":38,\"caption\":\"cRoom -laitetilat\"},\"image\":{\"@id\":\"https:\\\/\\\/www.croom.fi\\\/#\\\/schema\\\/logo\\\/image\\\/\"}}]}<\/script>\n<!-- \/ Yoast SEO plugin. -->","yoast_head_json":{"title":"Whistleblower - cRoom equipment rooms","robots":{"index":"index","follow":"follow","max-snippet":"max-snippet:-1","max-image-preview":"max-image-preview:large","max-video-preview":"max-video-preview:-1"},"canonical":"https:\/\/www.croom.fi\/en\/whistleblower\/","og_locale":"en_GB","og_type":"article","og_title":"Whistleblower - cRoom -laitetilat","og_description":"Haluamme toimia oikein ja vastuullisesti Avoimuus ja oikein toimiminen on meille t\u00e4rke\u00e4\u00e4. K\u00e4yt\u00f6ss\u00e4mme on ilmoituskanava, jonka kautta voit ilmoittaa v\u00e4\u00e4rink\u00e4yt\u00f6kset ja ongelmakohdat. T\u00e4yt\u00e4 alla oleva lomake ja ota lopuksi tapauskoodi talteen. Koodin avulla voit seurata ilmoituksen edistymist\u00e4. Huom! \u00e4l\u00e4 anna mit\u00e4\u00e4n henkil\u00f6tietojasi tai muita tunnistettavia tietoja jos ne eiv\u00e4t ole kriittisi\u00e4 ilmoituksen kannalta. Avoimet ilmoitukset [&hellip;]","og_url":"https:\/\/www.croom.fi\/en\/whistleblower\/","og_site_name":"cRoom -laitetilat","article_modified_time":"2025-04-17T06:49:26+00:00","twitter_card":"summary_large_image","twitter_misc":{"Estimated reading time":"1 minute"},"schema":{"@context":"https:\/\/schema.org","@graph":[{"@type":"WebPage","@id":"https:\/\/www.croom.fi\/whistleblower\/","url":"https:\/\/www.croom.fi\/whistleblower\/","name":"Whistleblower - cRoom equipment rooms","isPartOf":{"@id":"https:\/\/www.croom.fi\/#website"},"datePublished":"2025-04-09T11:08:23+00:00","dateModified":"2025-04-17T06:49:26+00:00","breadcrumb":{"@id":"https:\/\/www.croom.fi\/whistleblower\/#breadcrumb"},"inLanguage":"en-GB","potentialAction":[{"@type":"ReadAction","target":["https:\/\/www.croom.fi\/whistleblower\/"]}]},{"@type":"BreadcrumbList","@id":"https:\/\/www.croom.fi\/whistleblower\/#breadcrumb","itemListElement":[{"@type":"ListItem","position":1,"name":"Etusivu","item":"https:\/\/www.croom.fi\/"},{"@type":"ListItem","position":2,"name":"Whistleblower"}]},{"@type":"WebSite","@id":"https:\/\/www.croom.fi\/#website","url":"https:\/\/www.croom.fi\/","name":"cRoom - Equipment shelters","description":"Design and manufacture of equipment rooms","publisher":{"@id":"https:\/\/www.croom.fi\/#organization"},"potentialAction":[{"@type":"SearchAction","target":{"@type":"EntryPoint","urlTemplate":"https:\/\/www.croom.fi\/?s={search_term_string}"},"query-input":{"@type":"PropertyValueSpecification","valueRequired":true,"valueName":"search_term_string"}}],"inLanguage":"en-GB"},{"@type":"Organization","@id":"https:\/\/www.croom.fi\/#organization","name":"cRoom - Equipment shelters","url":"https:\/\/www.croom.fi\/","logo":{"@type":"ImageObject","inLanguage":"en-GB","@id":"https:\/\/www.croom.fi\/#\/schema\/logo\/image\/","url":"https:\/\/www.croom.fi\/wp-content\/uploads\/2023\/03\/croom-logo-alt.svg","contentUrl":"https:\/\/www.croom.fi\/wp-content\/uploads\/2023\/03\/croom-logo-alt.svg","width":260,"height":38,"caption":"cRoom -laitetilat"},"image":{"@id":"https:\/\/www.croom.fi\/#\/schema\/logo\/image\/"}}]}},"_links":{"self":[{"href":"https:\/\/www.croom.fi\/en\/wp-json\/wp\/v2\/pages\/3758","targetHints":{"allow":["GET"]}}],"collection":[{"href":"https:\/\/www.croom.fi\/en\/wp-json\/wp\/v2\/pages"}],"about":[{"href":"https:\/\/www.croom.fi\/en\/wp-json\/wp\/v2\/types\/page"}],"author":[{"embeddable":true,"href":"https:\/\/www.croom.fi\/en\/wp-json\/wp\/v2\/users\/1"}],"replies":[{"embeddable":true,"href":"https:\/\/www.croom.fi\/en\/wp-json\/wp\/v2\/comments?post=3758"}],"version-history":[{"count":33,"href":"https:\/\/www.croom.fi\/en\/wp-json\/wp\/v2\/pages\/3758\/revisions"}],"predecessor-version":[{"id":3809,"href":"https:\/\/www.croom.fi\/en\/wp-json\/wp\/v2\/pages\/3758\/revisions\/3809"}],"wp:attachment":[{"href":"https:\/\/www.croom.fi\/en\/wp-json\/wp\/v2\/media?parent=3758"}],"curies":[{"name":"wp","href":"https:\/\/api.w.org\/{rel}","templated":true}]}}