{"id":241,"date":"2023-04-25T11:27:07","date_gmt":"2023-04-25T08:27:07","guid":{"rendered":"https:\/\/www.croom.fi\/?page_id=241"},"modified":"2025-01-13T10:40:22","modified_gmt":"2025-01-13T08:40:22","slug":"for-designers","status":"publish","type":"page","link":"https:\/\/www.croom.fi\/en\/toteutukset\/suunnittelijalle\/","title":{"rendered":"For designers"},"content":{"rendered":"<div id=\"wp-block-themeisle-blocks-advanced-columns-2c60bc77\" class=\"wp-block-themeisle-blocks-advanced-columns alignfull has-1-columns has-desktop-equal-layout has-tablet-equal-layout has-mobile-equal-layout has-vertical-center ticss-c00aadba\"><div class=\"wp-block-themeisle-blocks-advanced-columns-overlay\"><\/div><div class=\"innerblocks-wrap\">\n<div id=\"wp-block-themeisle-blocks-advanced-column-75b9263d\" class=\"wp-block-themeisle-blocks-advanced-column\">\n<h1 class=\"wp-block-heading has-white-color has-text-color has-link-color wp-elements-043717346dd058fd89b269e9095db9bf\" style=\"font-size:50px\">We design the equipment shelters according to the customer's needs and the end use of the equipment room.<\/h1>\n\n\n\n<div class=\"wp-block-columns is-layout-flex wp-container-core-columns-is-layout-28f84493 wp-block-columns-is-layout-flex\">\n<div class=\"wp-block-column is-layout-flow wp-block-column-is-layout-flow\" style=\"flex-basis:60%\">\n<p class=\"has-32-font-size slow delay-1s has-white-color has-text-color has-link-color wp-elements-e82d8a1e2535079b001c166a3b434cee\" style=\"font-size:22px\">An information pack for the designer to support the planning and purchasing decision. The design should take into account the dimensions, structure, architecture, foundations, equipment, transport and operation &amp; maintenance of the equipment room. In other words, everything that is required for a high quality and functional system.<\/p>\n<\/div>\n\n\n\n<div class=\"wp-block-column is-vertically-aligned-center is-layout-flow wp-block-column-is-layout-flow\" style=\"flex-basis:40%\"><\/div>\n<\/div>\n<\/div>\n<\/div><div class=\"wp-block-themeisle-blocks-advanced-columns-separators bottom\"><svg id=\"slant\" fill=\"#ffffff\" viewbox=\"0 0 100 100\" width=\"100%\" height=\"100\" preserveaspectratio=\"none\" xmlns=\"http:\/\/www.w3.org\/2000\/svg\" class=\"rotate\"><path d=\"M0 0 L0 100 L100 0 Z\"><\/path><\/svg><\/div><\/div>\n\n\n\n<div style=\"height:25px\" aria-hidden=\"true\" class=\"wp-block-spacer\"><\/div>\n\n\n\n<div class=\"wp-block-columns is-layout-flex wp-container-core-columns-is-layout-28f84493 wp-block-columns-is-layout-flex\">\n<div class=\"wp-block-column is-layout-flow wp-block-column-is-layout-flow\" style=\"padding-right:var(--wp--preset--spacing--60)\">\n<h2 class=\"wp-block-heading\" style=\"font-size:40px\">We design the equipment shelters according to the customer's needs and the end use of the equipment shelter. <\/h2>\n\n\n\n<p><strong>The starting point is to design and implement an installation that works in the application and lasts over time.&nbsp;<\/strong><\/p>\n\n\n\n<p>The design of the equipment room takes into account the intended use, regulations, dimensions, structure, architecture, foundations, equipment, transport, operation and maintenance. In other words, everything that is required for a high quality and competent entity.<\/p>\n<\/div>\n\n\n\n<div class=\"wp-block-column is-layout-flow wp-block-column-is-layout-flow\">\n<figure data-wp-context=\"{&quot;imageId&quot;:&quot;69e340ab06420&quot;}\" data-wp-interactive=\"core\/image\" data-wp-key=\"69e340ab06420\" class=\"wp-block-image size-full wp-lightbox-container\"><img loading=\"lazy\" decoding=\"async\" width=\"800\" height=\"600\" data-wp-class--hide=\"state.isContentHidden\" data-wp-class--show=\"state.isContentVisible\" data-wp-init=\"callbacks.setButtonStyles\" data-wp-on--click=\"actions.showLightbox\" data-wp-on--load=\"callbacks.setButtonStyles\" data-wp-on-window--resize=\"callbacks.setButtonStyles\" src=\"https:\/\/www.croom.fi\/wp-content\/uploads\/2024\/02\/croom-suunnittelijalle.jpg\" alt=\"Information for the designer on equipment rooms and their design.\" class=\"wp-image-2440\" srcset=\"https:\/\/www.croom.fi\/wp-content\/uploads\/2024\/02\/croom-suunnittelijalle.jpg 800w, https:\/\/www.croom.fi\/wp-content\/uploads\/2024\/02\/croom-suunnittelijalle-300x225.jpg 300w, https:\/\/www.croom.fi\/wp-content\/uploads\/2024\/02\/croom-suunnittelijalle-768x576.jpg 768w\" sizes=\"auto, (max-width: 800px) 100vw, 800px\" \/><button\n\t\t\tclass=\"lightbox-trigger\"\n\t\t\ttype=\"button\"\n\t\t\taria-haspopup=\"dialog\"\n\t\t\taria-label=\"Enlarge\"\n\t\t\tdata-wp-init=\"callbacks.initTriggerButton\"\n\t\t\tdata-wp-on--click=\"actions.showLightbox\"\n\t\t\tdata-wp-style--right=\"state.imageButtonRight\"\n\t\t\tdata-wp-style--top=\"state.imageButtonTop\"\n\t\t>\n\t\t\t<svg xmlns=\"http:\/\/www.w3.org\/2000\/svg\" width=\"12\" height=\"12\" fill=\"none\" viewbox=\"0 0 12 12\">\n\t\t\t\t<path fill=\"#fff\" d=\"M2 0a2 2 0 0 0-2 2v2h1.5V2a.5.5 0 0 1 .5-.5h2V0H2Zm2 10.5H2a.5.5 0 0 1-.5-.5V8H0v2a2 2 0 0 0 2 2h2v-1.5ZM8 12v-1.5h2a.5.5 0 0 0 .5-.5V8H12v2a2 2 0 0 1-2 2H8Zm2-12a2 2 0 0 1 2 2v2h-1.5V2a.5.5 0 0 0-.5-.5H8V0h2Z\" \/>\n\t\t\t<\/svg>\n\t\t<\/button><\/figure>\n<\/div>\n<\/div>\n\n\n\n<div style=\"height:50px\" aria-hidden=\"true\" class=\"wp-block-spacer\"><\/div>\n\n\n\n<div class=\"wp-block-group alignfull has-background is-layout-constrained wp-block-group-is-layout-constrained\" style=\"background-color:#f2f2f2;margin-top:0px;margin-bottom:0px;padding-top:80px;padding-bottom:25px\">\n<h2 class=\"wp-block-heading\">Design examples<\/h2>\n\n\n\n<div class=\"wp-block-columns is-layout-flex wp-container-core-columns-is-layout-a5331a9e wp-block-columns-is-layout-flex\" style=\"padding-top:0;padding-right:0;padding-bottom:0;padding-left:0\">\n<div class=\"wp-block-column is-layout-flow wp-block-column-is-layout-flow\">\n<p>We have designed equipment shelters in a range of sizes to suit your needs and equipment. <\/p>\n<\/div>\n\n\n\n<div class=\"wp-block-column is-layout-flow wp-block-column-is-layout-flow\">\n<p class=\"translation-block\">The shelters we have designed have ranged in size from a few square metres to nearly 200m<strong><sup>2<\/sup><\/strong>.<\/p>\n<\/div>\n<\/div>\n\n\n\n<div style=\"height:25px\" aria-hidden=\"true\" class=\"wp-block-spacer\"><\/div>\n\n\n\n<figure class=\"wp-block-gallery has-nested-images columns-default is-cropped wp-block-gallery-1 is-layout-flex wp-block-gallery-is-layout-flex\">\n<figure data-wp-context=\"{&quot;imageId&quot;:&quot;69e340ab075d5&quot;}\" data-wp-interactive=\"core\/image\" data-wp-key=\"69e340ab075d5\" class=\"wp-block-image size-full wp-lightbox-container\"><img loading=\"lazy\" decoding=\"async\" width=\"800\" height=\"600\" data-wp-class--hide=\"state.isContentHidden\" data-wp-class--show=\"state.isContentVisible\" data-wp-init=\"callbacks.setButtonStyles\" data-wp-on--click=\"actions.showLightbox\" data-wp-on--load=\"callbacks.setButtonStyles\" data-wp-on-window--resize=\"callbacks.setButtonStyles\" data-id=\"2443\" src=\"https:\/\/www.croom.fi\/wp-content\/uploads\/2024\/02\/croom-laitetila-rakennesuunnittelu.png\" alt=\"A designer&#039;s information package for the design of equipment rooms.\" class=\"wp-image-2443\" srcset=\"https:\/\/www.croom.fi\/wp-content\/uploads\/2024\/02\/croom-laitetila-rakennesuunnittelu.png 800w, https:\/\/www.croom.fi\/wp-content\/uploads\/2024\/02\/croom-laitetila-rakennesuunnittelu-300x225.png 300w, https:\/\/www.croom.fi\/wp-content\/uploads\/2024\/02\/croom-laitetila-rakennesuunnittelu-768x576.png 768w\" sizes=\"auto, (max-width: 800px) 100vw, 800px\" \/><button\n\t\t\tclass=\"lightbox-trigger\"\n\t\t\ttype=\"button\"\n\t\t\taria-haspopup=\"dialog\"\n\t\t\taria-label=\"Enlarge\"\n\t\t\tdata-wp-init=\"callbacks.initTriggerButton\"\n\t\t\tdata-wp-on--click=\"actions.showLightbox\"\n\t\t\tdata-wp-style--right=\"state.imageButtonRight\"\n\t\t\tdata-wp-style--top=\"state.imageButtonTop\"\n\t\t>\n\t\t\t<svg xmlns=\"http:\/\/www.w3.org\/2000\/svg\" width=\"12\" height=\"12\" fill=\"none\" viewbox=\"0 0 12 12\">\n\t\t\t\t<path fill=\"#fff\" d=\"M2 0a2 2 0 0 0-2 2v2h1.5V2a.5.5 0 0 1 .5-.5h2V0H2Zm2 10.5H2a.5.5 0 0 1-.5-.5V8H0v2a2 2 0 0 0 2 2h2v-1.5ZM8 12v-1.5h2a.5.5 0 0 0 .5-.5V8H12v2a2 2 0 0 1-2 2H8Zm2-12a2 2 0 0 1 2 2v2h-1.5V2a.5.5 0 0 0-.5-.5H8V0h2Z\" \/>\n\t\t\t<\/svg>\n\t\t<\/button><\/figure>\n\n\n\n<figure data-wp-context=\"{&quot;imageId&quot;:&quot;69e340ab07fc3&quot;}\" data-wp-interactive=\"core\/image\" data-wp-key=\"69e340ab07fc3\" class=\"wp-block-image size-full wp-lightbox-container\"><img loading=\"lazy\" decoding=\"async\" width=\"800\" height=\"600\" data-wp-class--hide=\"state.isContentHidden\" data-wp-class--show=\"state.isContentVisible\" data-wp-init=\"callbacks.setButtonStyles\" data-wp-on--click=\"actions.showLightbox\" data-wp-on--load=\"callbacks.setButtonStyles\" data-wp-on-window--resize=\"callbacks.setButtonStyles\" data-id=\"2442\" src=\"https:\/\/www.croom.fi\/wp-content\/uploads\/2024\/02\/croom-laitetila-suunnittelu.png\" alt=\"Electrical premises and electrical switchboards. Design and implementation.\" class=\"wp-image-2442\" srcset=\"https:\/\/www.croom.fi\/wp-content\/uploads\/2024\/02\/croom-laitetila-suunnittelu.png 800w, https:\/\/www.croom.fi\/wp-content\/uploads\/2024\/02\/croom-laitetila-suunnittelu-300x225.png 300w, https:\/\/www.croom.fi\/wp-content\/uploads\/2024\/02\/croom-laitetila-suunnittelu-768x576.png 768w\" sizes=\"auto, (max-width: 800px) 100vw, 800px\" \/><button\n\t\t\tclass=\"lightbox-trigger\"\n\t\t\ttype=\"button\"\n\t\t\taria-haspopup=\"dialog\"\n\t\t\taria-label=\"Enlarge\"\n\t\t\tdata-wp-init=\"callbacks.initTriggerButton\"\n\t\t\tdata-wp-on--click=\"actions.showLightbox\"\n\t\t\tdata-wp-style--right=\"state.imageButtonRight\"\n\t\t\tdata-wp-style--top=\"state.imageButtonTop\"\n\t\t>\n\t\t\t<svg xmlns=\"http:\/\/www.w3.org\/2000\/svg\" width=\"12\" height=\"12\" fill=\"none\" viewbox=\"0 0 12 12\">\n\t\t\t\t<path fill=\"#fff\" d=\"M2 0a2 2 0 0 0-2 2v2h1.5V2a.5.5 0 0 1 .5-.5h2V0H2Zm2 10.5H2a.5.5 0 0 1-.5-.5V8H0v2a2 2 0 0 0 2 2h2v-1.5ZM8 12v-1.5h2a.5.5 0 0 0 .5-.5V8H12v2a2 2 0 0 1-2 2H8Zm2-12a2 2 0 0 1 2 2v2h-1.5V2a.5.5 0 0 0-.5-.5H8V0h2Z\" \/>\n\t\t\t<\/svg>\n\t\t<\/button><\/figure>\n\n\n\n<figure data-wp-context=\"{&quot;imageId&quot;:&quot;69e340ab08792&quot;}\" data-wp-interactive=\"core\/image\" data-wp-key=\"69e340ab08792\" class=\"wp-block-image size-full wp-lightbox-container\"><img loading=\"lazy\" decoding=\"async\" width=\"800\" height=\"600\" data-wp-class--hide=\"state.isContentHidden\" data-wp-class--show=\"state.isContentVisible\" data-wp-init=\"callbacks.setButtonStyles\" data-wp-on--click=\"actions.showLightbox\" data-wp-on--load=\"callbacks.setButtonStyles\" data-wp-on-window--resize=\"callbacks.setButtonStyles\" data-id=\"2445\" src=\"https:\/\/www.croom.fi\/wp-content\/uploads\/2024\/02\/croom-laitetila-3D-suunnittelu.png\" alt=\"Croom ladders are manufactured by Harri Haavikko Oy.\" class=\"wp-image-2445\" srcset=\"https:\/\/www.croom.fi\/wp-content\/uploads\/2024\/02\/croom-laitetila-3D-suunnittelu.png 800w, https:\/\/www.croom.fi\/wp-content\/uploads\/2024\/02\/croom-laitetila-3D-suunnittelu-300x225.png 300w, https:\/\/www.croom.fi\/wp-content\/uploads\/2024\/02\/croom-laitetila-3D-suunnittelu-768x576.png 768w\" sizes=\"auto, (max-width: 800px) 100vw, 800px\" \/><button\n\t\t\tclass=\"lightbox-trigger\"\n\t\t\ttype=\"button\"\n\t\t\taria-haspopup=\"dialog\"\n\t\t\taria-label=\"Enlarge\"\n\t\t\tdata-wp-init=\"callbacks.initTriggerButton\"\n\t\t\tdata-wp-on--click=\"actions.showLightbox\"\n\t\t\tdata-wp-style--right=\"state.imageButtonRight\"\n\t\t\tdata-wp-style--top=\"state.imageButtonTop\"\n\t\t>\n\t\t\t<svg xmlns=\"http:\/\/www.w3.org\/2000\/svg\" width=\"12\" height=\"12\" fill=\"none\" viewbox=\"0 0 12 12\">\n\t\t\t\t<path fill=\"#fff\" d=\"M2 0a2 2 0 0 0-2 2v2h1.5V2a.5.5 0 0 1 .5-.5h2V0H2Zm2 10.5H2a.5.5 0 0 1-.5-.5V8H0v2a2 2 0 0 0 2 2h2v-1.5ZM8 12v-1.5h2a.5.5 0 0 0 .5-.5V8H12v2a2 2 0 0 1-2 2H8Zm2-12a2 2 0 0 1 2 2v2h-1.5V2a.5.5 0 0 0-.5-.5H8V0h2Z\" \/>\n\t\t\t<\/svg>\n\t\t<\/button><\/figure>\n<\/figure>\n\n\n\n<div style=\"height:50px\" aria-hidden=\"true\" class=\"wp-block-spacer\"><\/div>\n\n\n<div \r\n    class=\"align  wp-block-bpgb-panorama\" \r\n    id='bpgbPanoramaBlock-2' \r\n    data-attributes='{&quot;cId&quot;:&quot;3eda5eb5-51a4-4386-adb0-912937631118&quot;,&quot;panoImage&quot;:{&quot;id&quot;:2696,&quot;url&quot;:&quot;https:\\\/\\\/www.croom.fi\\\/wp-content\\\/uploads\\\/2024\\\/02\\\/laitetilat-croom-360-scaled.jpg&quot;,&quot;alt&quot;:&quot;&quot;,&quot;title&quot;:&quot;laitetilat-croom-360&quot;},&quot;height&quot;:&quot;550px&quot;,&quot;autoRotate&quot;:false,&quot;rotateSpeed&quot;:1,&quot;className&quot;:&quot;&quot;,&quot;align&quot;:&quot;&quot;,&quot;panoType&quot;:&quot;image&quot;,&quot;panoVideo&quot;:{&quot;id&quot;:null,&quot;url&quot;:&quot;&quot;,&quot;title&quot;:&quot;&quot;},&quot;width&quot;:&quot;100%&quot;,&quot;hideControl&quot;:true,&quot;autoPlay&quot;:true,&quot;videoMute&quot;:true,&quot;videoLoop&quot;:true,&quot;alignment&quot;:&quot;center&quot;,&quot;hasCustomCSS&quot;:false,&quot;customCSS&quot;:&quot;&quot;,&quot;TrpContentRestriction&quot;:{&quot;restriction_type&quot;:&quot;exclude&quot;,&quot;selected_languages&quot;:[],&quot;panel_open&quot;:true},&quot;otterConditions&quot;:[]}'>\r\n    <div class=\"bpgbPanorama\"><\/div>\r\n<\/div>\n\n\n<div class=\"wp-block-group is-content-justification-center is-nowrap is-layout-flex wp-container-core-group-is-layout-b35f32a3 wp-block-group-is-layout-flex\">\n<div id=\"wp-block-themeisle-blocks-font-awesome-icons-74adfae5\" class=\"wp-block-themeisle-blocks-font-awesome-icons\"><span class=\"wp-block-themeisle-blocks-font-awesome-icons-container\"><svg xmlns=\"http:\/\/www.w3.org\/2000\/svg\" viewbox=\"0 0 1800 1800\"><path d=\"M1378.086,379.348L767.847,755.444c-0.07,0.044-0.132,0.097-0.202,0.141 c-0.521,0.324-1.011,0.701-1.516,1.055c-0.456,0.329-0.933,0.64-1.375,0.991c-0.459,0.368-0.885,0.779-1.328,1.173 c-0.438,0.39-0.889,0.762-1.3,1.179c-0.408,0.403-0.78,0.849-1.166,1.283c-0.394,0.447-0.811,0.876-1.182,1.345 c-0.351,0.438-0.662,0.912-0.991,1.376c-0.359,0.5-0.727,0.99-1.055,1.511c-0.044,0.07-0.096,0.131-0.141,0.202l-376.101,610.235 c-7.635,12.384-5.761,28.392,4.525,38.676c6.058,6.059,14.102,9.2,22.214,9.2c5.668,0,11.371-1.528,16.466-4.67l610.24-376.093 c0.071-0.043,0.131-0.095,0.202-0.14c0.521-0.328,1.012-0.696,1.516-1.056c0.455-0.329,0.932-0.64,1.376-0.99 c0.464-0.372,0.893-0.788,1.339-1.183c0.43-0.386,0.878-0.758,1.288-1.166c0.413-0.41,0.784-0.862,1.174-1.3 c0.396-0.442,0.807-0.867,1.175-1.327c0.35-0.441,0.66-0.92,0.99-1.375c0.359-0.505,0.726-0.994,1.055-1.517 c0.044-0.071,0.097-0.131,0.141-0.201l376.101-610.24c7.635-12.385,5.761-28.391-4.526-38.681 C1406.481,373.587,1390.466,371.713,1378.086,379.348z M504.352,1296.283l285.853-463.813l177.963,177.961L504.352,1296.283z M1012.574,966.025l-177.96-177.964l463.813-285.849L1012.574,966.025z\"><\/path><path d=\"M1796.481,899.244L1796.481,899.244C1796.478,405.69,1394.943,4.158,901.394,4.154h-0.002l0,0 c-0.002,0-0.004,0-0.004,0c-493.55,0-895.082,401.533-895.086,895.09l0,0l0,0v0.004c0,493.552,401.533,895.086,895.086,895.086 c0,0,0.002,0,0.004,0l0,0h0.002c493.555-0.004,895.088-401.538,895.088-895.086V899.244L1796.481,899.244z M964.073,1729.182 c-1.247-33.586-28.789-60.447-62.682-60.447s-61.436,26.861-62.681,60.447c-409.067-30.599-736.657-358.192-767.26-767.256 c33.588-1.244,60.45-28.789,60.45-62.682s-26.862-61.433-60.447-62.681C102.058,427.497,429.646,99.907,838.711,69.304 c1.245,33.588,28.788,60.45,62.681,60.45s61.435-26.862,62.682-60.448c409.063,30.604,736.653,358.195,767.256,767.257 c-33.586,1.249-60.446,28.789-60.446,62.681s26.86,61.438,60.446,62.682C1700.727,1370.989,1373.136,1698.575,964.073,1729.182z\"><\/path><\/svg><\/span><\/div>\n\n\n\n<p class=\"has-text-align-left\"><strong>360 PHOTO:<\/strong> You can access the device mode by rotating with your mouse, or on mobile with your finger. You can zoom in by rolling the mouse or pinching.<\/p>\n<\/div>\n<\/div>","protected":false},"excerpt":{"rendered":"<p>Suunnittelemme laitetilat asiakkaan tarpeen ja laitetilan loppuk\u00e4yt\u00f6n ja laitetilan elinkaaren huomioiden. Suunnittelun l\u00e4ht\u00f6kohtana on suunnitella ja toteuttaa laitetila joka toimii k\u00e4ytt\u00f6kohteessa ja kest\u00e4\u00e4 aikaa.&nbsp; Laitetilan suunnittelussa otetaan huomioon k\u00e4ytt\u00f6kohde, m\u00e4\u00e4r\u00e4ykset, mitoitukset, rakenne, arkkitehtuuri, perustukset, varustelu, kuljetus, k\u00e4ytt\u00f6 ja huolto. Eli kaikki mit\u00e4 vaaditaan laadukkaalta ja toimivalta kokonaisuudelta. Esimerkkej\u00e4 suunnittelusta Olemme suunitelleet laitetilojen monessa kokoluokassa k\u00e4ytt\u00f6tarpeen [&hellip;]<\/p>\n","protected":false},"author":1,"featured_media":699,"parent":226,"menu_order":0,"comment_status":"closed","ping_status":"closed","template":"","meta":{"inline_featured_image":false,"_themeisle_gutenberg_block_has_review":false,"footnotes":""},"class_list":["post-241","page","type-page","status-publish","has-post-thumbnail","hentry"],"yoast_head":"<!-- This site is optimized with the Yoast SEO plugin v27.3 - https:\/\/yoast.com\/product\/yoast-seo-wordpress\/ -->\n<title>Suunnittelijalle - cRoom -laitetilat<\/title>\n<meta name=\"description\" content=\"Suunnittelijalle. Suunnittelemme laitetilat asiakkaan tarpeen ja laitetilan loppuk\u00e4yt\u00f6n ja laitetilan elinkaaren huomioiden.\" \/>\n<meta name=\"robots\" content=\"index, follow, max-snippet:-1, max-image-preview:large, max-video-preview:-1\" \/>\n<link rel=\"canonical\" href=\"https:\/\/www.croom.fi\/en\/references\/for-designers\/\" \/>\n<meta property=\"og:locale\" content=\"en_GB\" \/>\n<meta property=\"og:type\" content=\"article\" \/>\n<meta property=\"og:title\" content=\"Suunnittelijalle - cRoom -laitetilat\" \/>\n<meta property=\"og:description\" content=\"Suunnittelijalle. Suunnittelemme laitetilat asiakkaan tarpeen ja laitetilan loppuk\u00e4yt\u00f6n ja laitetilan elinkaaren huomioiden.\" \/>\n<meta property=\"og:url\" content=\"https:\/\/www.croom.fi\/en\/references\/for-designers\/\" \/>\n<meta property=\"og:site_name\" content=\"cRoom -laitetilat\" \/>\n<meta property=\"article:modified_time\" content=\"2025-01-13T08:40:22+00:00\" \/>\n<meta property=\"og:image\" content=\"https:\/\/www.croom.fi\/wp-content\/uploads\/2023\/05\/pexels-thirdman-8470810.jpg\" \/>\n\t<meta property=\"og:image:width\" content=\"640\" \/>\n\t<meta property=\"og:image:height\" content=\"960\" \/>\n\t<meta property=\"og:image:type\" content=\"image\/jpeg\" \/>\n<meta name=\"twitter:card\" content=\"summary_large_image\" \/>\n<meta name=\"twitter:label1\" content=\"Estimated reading time\" \/>\n\t<meta name=\"twitter:data1\" content=\"2 minutes\" \/>\n<script type=\"application\/ld+json\" class=\"yoast-schema-graph\">{\"@context\":\"https:\\\/\\\/schema.org\",\"@graph\":[{\"@type\":\"WebPage\",\"@id\":\"https:\\\/\\\/www.croom.fi\\\/toteutukset\\\/suunnittelijalle\\\/\",\"url\":\"https:\\\/\\\/www.croom.fi\\\/toteutukset\\\/suunnittelijalle\\\/\",\"name\":\"Suunnittelijalle - cRoom -laitetilat\",\"isPartOf\":{\"@id\":\"https:\\\/\\\/www.croom.fi\\\/#website\"},\"primaryImageOfPage\":{\"@id\":\"https:\\\/\\\/www.croom.fi\\\/toteutukset\\\/suunnittelijalle\\\/#primaryimage\"},\"image\":{\"@id\":\"https:\\\/\\\/www.croom.fi\\\/toteutukset\\\/suunnittelijalle\\\/#primaryimage\"},\"thumbnailUrl\":\"https:\\\/\\\/www.croom.fi\\\/wp-content\\\/uploads\\\/2023\\\/05\\\/pexels-thirdman-8470810.jpg\",\"datePublished\":\"2023-04-25T08:27:07+00:00\",\"dateModified\":\"2025-01-13T08:40:22+00:00\",\"description\":\"Suunnittelijalle. Suunnittelemme laitetilat asiakkaan tarpeen ja laitetilan loppuk\u00e4yt\u00f6n ja laitetilan elinkaaren huomioiden.\",\"breadcrumb\":{\"@id\":\"https:\\\/\\\/www.croom.fi\\\/toteutukset\\\/suunnittelijalle\\\/#breadcrumb\"},\"inLanguage\":\"en-GB\",\"potentialAction\":[{\"@type\":\"ReadAction\",\"target\":[\"https:\\\/\\\/www.croom.fi\\\/toteutukset\\\/suunnittelijalle\\\/\"]}]},{\"@type\":\"ImageObject\",\"inLanguage\":\"en-GB\",\"@id\":\"https:\\\/\\\/www.croom.fi\\\/toteutukset\\\/suunnittelijalle\\\/#primaryimage\",\"url\":\"https:\\\/\\\/www.croom.fi\\\/wp-content\\\/uploads\\\/2023\\\/05\\\/pexels-thirdman-8470810.jpg\",\"contentUrl\":\"https:\\\/\\\/www.croom.fi\\\/wp-content\\\/uploads\\\/2023\\\/05\\\/pexels-thirdman-8470810.jpg\",\"width\":640,\"height\":960},{\"@type\":\"BreadcrumbList\",\"@id\":\"https:\\\/\\\/www.croom.fi\\\/toteutukset\\\/suunnittelijalle\\\/#breadcrumb\",\"itemListElement\":[{\"@type\":\"ListItem\",\"position\":1,\"name\":\"Etusivu\",\"item\":\"https:\\\/\\\/www.croom.fi\\\/\"},{\"@type\":\"ListItem\",\"position\":2,\"name\":\"Laitetila toteutukset\",\"item\":\"https:\\\/\\\/www.croom.fi\\\/toteutukset\\\/\"},{\"@type\":\"ListItem\",\"position\":3,\"name\":\"Suunnittelijalle\"}]},{\"@type\":\"WebSite\",\"@id\":\"https:\\\/\\\/www.croom.fi\\\/#website\",\"url\":\"https:\\\/\\\/www.croom.fi\\\/\",\"name\":\"cRoom -laitetilat\",\"description\":\"Laitetilojen suunnittelu ja valmistus\",\"publisher\":{\"@id\":\"https:\\\/\\\/www.croom.fi\\\/#organization\"},\"potentialAction\":[{\"@type\":\"SearchAction\",\"target\":{\"@type\":\"EntryPoint\",\"urlTemplate\":\"https:\\\/\\\/www.croom.fi\\\/?s={search_term_string}\"},\"query-input\":{\"@type\":\"PropertyValueSpecification\",\"valueRequired\":true,\"valueName\":\"search_term_string\"}}],\"inLanguage\":\"en-GB\"},{\"@type\":\"Organization\",\"@id\":\"https:\\\/\\\/www.croom.fi\\\/#organization\",\"name\":\"cRoom -laitetilat\",\"url\":\"https:\\\/\\\/www.croom.fi\\\/\",\"logo\":{\"@type\":\"ImageObject\",\"inLanguage\":\"en-GB\",\"@id\":\"https:\\\/\\\/www.croom.fi\\\/#\\\/schema\\\/logo\\\/image\\\/\",\"url\":\"https:\\\/\\\/www.croom.fi\\\/wp-content\\\/uploads\\\/2023\\\/03\\\/croom-logo-alt.svg\",\"contentUrl\":\"https:\\\/\\\/www.croom.fi\\\/wp-content\\\/uploads\\\/2023\\\/03\\\/croom-logo-alt.svg\",\"width\":260,\"height\":38,\"caption\":\"cRoom -laitetilat\"},\"image\":{\"@id\":\"https:\\\/\\\/www.croom.fi\\\/#\\\/schema\\\/logo\\\/image\\\/\"}}]}<\/script>\n<!-- \/ Yoast SEO plugin. -->","yoast_head_json":{"title":"For designers - cRoom equipment shelters","description":"We design the cRoom equipment shelters according to the customer's needs and the end use of the equipment shelter.","robots":{"index":"index","follow":"follow","max-snippet":"max-snippet:-1","max-image-preview":"max-image-preview:large","max-video-preview":"max-video-preview:-1"},"canonical":"https:\/\/www.croom.fi\/en\/references\/for-designers\/","og_locale":"en_GB","og_type":"article","og_title":"Suunnittelijalle - cRoom -laitetilat","og_description":"Suunnittelijalle. Suunnittelemme laitetilat asiakkaan tarpeen ja laitetilan loppuk\u00e4yt\u00f6n ja laitetilan elinkaaren huomioiden.","og_url":"https:\/\/www.croom.fi\/en\/references\/for-designers\/","og_site_name":"cRoom -laitetilat","article_modified_time":"2025-01-13T08:40:22+00:00","og_image":[{"width":640,"height":960,"url":"https:\/\/www.croom.fi\/wp-content\/uploads\/2023\/05\/pexels-thirdman-8470810.jpg","type":"image\/jpeg"}],"twitter_card":"summary_large_image","twitter_misc":{"Estimated reading time":"2 minutes"},"schema":{"@context":"https:\/\/schema.org","@graph":[{"@type":"WebPage","@id":"https:\/\/www.croom.fi\/toteutukset\/suunnittelijalle\/","url":"https:\/\/www.croom.fi\/toteutukset\/suunnittelijalle\/","name":"For designers - cRoom equipment shelters","isPartOf":{"@id":"https:\/\/www.croom.fi\/#website"},"primaryImageOfPage":{"@id":"https:\/\/www.croom.fi\/toteutukset\/suunnittelijalle\/#primaryimage"},"image":{"@id":"https:\/\/www.croom.fi\/toteutukset\/suunnittelijalle\/#primaryimage"},"thumbnailUrl":"https:\/\/www.croom.fi\/wp-content\/uploads\/2023\/05\/pexels-thirdman-8470810.jpg","datePublished":"2023-04-25T08:27:07+00:00","dateModified":"2025-01-13T08:40:22+00:00","description":"We design the cRoom equipment shelters according to the customer's needs and the end use of the equipment shelter.","breadcrumb":{"@id":"https:\/\/www.croom.fi\/toteutukset\/suunnittelijalle\/#breadcrumb"},"inLanguage":"en-GB","potentialAction":[{"@type":"ReadAction","target":["https:\/\/www.croom.fi\/toteutukset\/suunnittelijalle\/"]}]},{"@type":"ImageObject","inLanguage":"en-GB","@id":"https:\/\/www.croom.fi\/toteutukset\/suunnittelijalle\/#primaryimage","url":"https:\/\/www.croom.fi\/wp-content\/uploads\/2023\/05\/pexels-thirdman-8470810.jpg","contentUrl":"https:\/\/www.croom.fi\/wp-content\/uploads\/2023\/05\/pexels-thirdman-8470810.jpg","width":640,"height":960},{"@type":"BreadcrumbList","@id":"https:\/\/www.croom.fi\/toteutukset\/suunnittelijalle\/#breadcrumb","itemListElement":[{"@type":"ListItem","position":1,"name":"Etusivu","item":"https:\/\/www.croom.fi\/"},{"@type":"ListItem","position":2,"name":"Laitetila toteutukset","item":"https:\/\/www.croom.fi\/toteutukset\/"},{"@type":"ListItem","position":3,"name":"Suunnittelijalle"}]},{"@type":"WebSite","@id":"https:\/\/www.croom.fi\/#website","url":"https:\/\/www.croom.fi\/","name":"cRoom - Equipment shelters","description":"Design and manufacture of equipment rooms","publisher":{"@id":"https:\/\/www.croom.fi\/#organization"},"potentialAction":[{"@type":"SearchAction","target":{"@type":"EntryPoint","urlTemplate":"https:\/\/www.croom.fi\/?s={search_term_string}"},"query-input":{"@type":"PropertyValueSpecification","valueRequired":true,"valueName":"search_term_string"}}],"inLanguage":"en-GB"},{"@type":"Organization","@id":"https:\/\/www.croom.fi\/#organization","name":"cRoom - Equipment shelters","url":"https:\/\/www.croom.fi\/","logo":{"@type":"ImageObject","inLanguage":"en-GB","@id":"https:\/\/www.croom.fi\/#\/schema\/logo\/image\/","url":"https:\/\/www.croom.fi\/wp-content\/uploads\/2023\/03\/croom-logo-alt.svg","contentUrl":"https:\/\/www.croom.fi\/wp-content\/uploads\/2023\/03\/croom-logo-alt.svg","width":260,"height":38,"caption":"cRoom -laitetilat"},"image":{"@id":"https:\/\/www.croom.fi\/#\/schema\/logo\/image\/"}}]}},"_links":{"self":[{"href":"https:\/\/www.croom.fi\/en\/wp-json\/wp\/v2\/pages\/241","targetHints":{"allow":["GET"]}}],"collection":[{"href":"https:\/\/www.croom.fi\/en\/wp-json\/wp\/v2\/pages"}],"about":[{"href":"https:\/\/www.croom.fi\/en\/wp-json\/wp\/v2\/types\/page"}],"author":[{"embeddable":true,"href":"https:\/\/www.croom.fi\/en\/wp-json\/wp\/v2\/users\/1"}],"replies":[{"embeddable":true,"href":"https:\/\/www.croom.fi\/en\/wp-json\/wp\/v2\/comments?post=241"}],"version-history":[{"count":142,"href":"https:\/\/www.croom.fi\/en\/wp-json\/wp\/v2\/pages\/241\/revisions"}],"predecessor-version":[{"id":3278,"href":"https:\/\/www.croom.fi\/en\/wp-json\/wp\/v2\/pages\/241\/revisions\/3278"}],"up":[{"embeddable":true,"href":"https:\/\/www.croom.fi\/en\/wp-json\/wp\/v2\/pages\/226"}],"wp:featuredmedia":[{"embeddable":true,"href":"https:\/\/www.croom.fi\/en\/wp-json\/wp\/v2\/media\/699"}],"wp:attachment":[{"href":"https:\/\/www.croom.fi\/en\/wp-json\/wp\/v2\/media?parent=241"}],"curies":[{"name":"wp","href":"https:\/\/api.w.org\/{rel}","templated":true}]}}