{"id":100,"date":"2023-03-14T17:14:29","date_gmt":"2023-03-14T17:14:29","guid":{"rendered":"http:\/\/croom.local\/?page_id=7"},"modified":"2024-03-26T11:01:28","modified_gmt":"2024-03-26T09:01:28","slug":"home-2","status":"publish","type":"page","link":"https:\/\/www.croom.fi\/en\/","title":{"rendered":"Home"},"content":{"rendered":"<h1 class=\"wp-block-heading\">cRoom - Equipment shelters<\/h1>\n\n\n\n<h2 class=\"wp-block-heading\">A Croom is a protective building designed to protect and maintain equipment, machinery or technology.&nbsp;<\/h2>\n\n\n\n<p>The equipment room provides a controlled environment that protects equipment from weather conditions, temperature fluctuations and potential damage.<\/p>\n\n\n\n<p>Equipment guards are commonly used in industries such as telecommunications, utilities, railways and electrical substations to ensure the reliable operation and longevity of critical equipment. Visit<a href=\"https:\/\/www.croom.fi\/en\/references\/\"> our implementations<\/a> and <a href=\"https:\/\/www.croom.fi\/en\/contact-us\/\">contact our sales team<\/a>.<\/p>\n\n\n\n<p>Croom - equipment rooms prepared by <a href=\"https:\/\/www.harrihaavikko.fi\">Harri Haavikko Ltd<\/a><\/p>","protected":false},"excerpt":{"rendered":"<p>cRoom -laitetilat cRoom -laitetila on suojarakennus, joka on suunniteltu laitteiden, koneiden tai tekniikan suojaamiseen ja yll\u00e4pitoon.&nbsp; Laitetila tarjoaa kontrolloidun ymp\u00e4rist\u00f6n, joka suojaa laitteita s\u00e4\u00e4olosuhteilta, l\u00e4mp\u00f6tilan vaihteluilta ja mahdollisilta vaurioilta. Laitesuojia k\u00e4ytet\u00e4\u00e4n yleisesti televiestinn\u00e4n, laitosten, raideliikenteen ja s\u00e4hk\u00f6keskusten kaltaisilla teollisuudenaloilla, joilla varmistetaan t\u00e4rkeiden laitteiden luotettava toiminta ja pitk\u00e4ik\u00e4isyys. Tutustu toteutuksiimme ja ota yhteytt\u00e4 myyntiimme. Croom -laitetilat [&hellip;]<\/p>\n","protected":false},"author":1,"featured_media":1489,"parent":0,"menu_order":0,"comment_status":"closed","ping_status":"closed","template":"","meta":{"inline_featured_image":false,"_themeisle_gutenberg_block_has_review":false,"footnotes":""},"class_list":["post-100","page","type-page","status-publish","has-post-thumbnail","hentry"],"yoast_head":"<!-- This site is optimized with the Yoast SEO plugin v27.5 - https:\/\/yoast.com\/product\/yoast-seo-wordpress\/ -->\n<title>cRoom -laitetilat - laitetila toiminnan suojaamiseen<\/title>\n<meta name=\"description\" content=\"Kotimaiset laitetilat. Toteuttamamme laitetila sis\u00e4lt\u00e4\u00e4 tarvekartoituksen, suunnittelun, valmistamisen, varustelun ja kuljetuksen.\" \/>\n<meta name=\"robots\" content=\"index, follow, max-snippet:-1, max-image-preview:large, max-video-preview:-1\" \/>\n<link rel=\"canonical\" href=\"https:\/\/www.croom.fi\/en\/\" \/>\n<meta property=\"og:locale\" content=\"en_GB\" \/>\n<meta property=\"og:type\" content=\"article\" \/>\n<meta property=\"og:title\" content=\"cRoom -laitetilat - laitetila toiminnan suojaamiseen\" \/>\n<meta property=\"og:description\" content=\"Kotimaiset laitetilat. Toteuttamamme laitetila sis\u00e4lt\u00e4\u00e4 tarvekartoituksen, suunnittelun, valmistamisen, varustelun ja kuljetuksen.\" \/>\n<meta property=\"og:url\" content=\"https:\/\/www.croom.fi\/en\/\" \/>\n<meta property=\"og:site_name\" content=\"cRoom -laitetilat\" \/>\n<meta property=\"article:modified_time\" content=\"2024-03-26T09:01:28+00:00\" \/>\n<meta property=\"og:image\" content=\"https:\/\/www.croom.fi\/wp-content\/uploads\/2023\/10\/croom-laitetilat.jpg\" \/>\n\t<meta property=\"og:image:width\" content=\"2000\" \/>\n\t<meta property=\"og:image:height\" content=\"900\" \/>\n\t<meta property=\"og:image:type\" content=\"image\/jpeg\" \/>\n<meta name=\"twitter:card\" content=\"summary_large_image\" \/>\n<meta name=\"twitter:label1\" content=\"Estimated reading time\" \/>\n\t<meta name=\"twitter:data1\" content=\"1 minute\" \/>\n<script type=\"application\/ld+json\" class=\"yoast-schema-graph\">{\"@context\":\"https:\\\/\\\/schema.org\",\"@graph\":[{\"@type\":\"WebPage\",\"@id\":\"https:\\\/\\\/www.croom.fi\\\/\",\"url\":\"https:\\\/\\\/www.croom.fi\\\/\",\"name\":\"cRoom -laitetilat - laitetila toiminnan suojaamiseen\",\"isPartOf\":{\"@id\":\"https:\\\/\\\/www.croom.fi\\\/#website\"},\"primaryImageOfPage\":{\"@id\":\"https:\\\/\\\/www.croom.fi\\\/#primaryimage\"},\"image\":{\"@id\":\"https:\\\/\\\/www.croom.fi\\\/#primaryimage\"},\"thumbnailUrl\":\"https:\\\/\\\/www.croom.fi\\\/wp-content\\\/uploads\\\/2023\\\/10\\\/croom-laitetilat.jpg\",\"datePublished\":\"2023-03-14T17:14:29+00:00\",\"dateModified\":\"2024-03-26T09:01:28+00:00\",\"description\":\"Kotimaiset laitetilat. Toteuttamamme laitetila sis\u00e4lt\u00e4\u00e4 tarvekartoituksen, suunnittelun, valmistamisen, varustelun ja kuljetuksen.\",\"breadcrumb\":{\"@id\":\"https:\\\/\\\/www.croom.fi\\\/#breadcrumb\"},\"inLanguage\":\"en-GB\",\"potentialAction\":[{\"@type\":\"ReadAction\",\"target\":[\"https:\\\/\\\/www.croom.fi\\\/\"]}]},{\"@type\":\"ImageObject\",\"inLanguage\":\"en-GB\",\"@id\":\"https:\\\/\\\/www.croom.fi\\\/#primaryimage\",\"url\":\"https:\\\/\\\/www.croom.fi\\\/wp-content\\\/uploads\\\/2023\\\/10\\\/croom-laitetilat.jpg\",\"contentUrl\":\"https:\\\/\\\/www.croom.fi\\\/wp-content\\\/uploads\\\/2023\\\/10\\\/croom-laitetilat.jpg\",\"width\":2000,\"height\":900},{\"@type\":\"BreadcrumbList\",\"@id\":\"https:\\\/\\\/www.croom.fi\\\/#breadcrumb\",\"itemListElement\":[{\"@type\":\"ListItem\",\"position\":1,\"name\":\"Etusivu\",\"item\":\"https:\\\/\\\/www.croom.fi\\\/\"},{\"@type\":\"ListItem\",\"position\":2,\"name\":\"Etusivu\"}]},{\"@type\":\"WebSite\",\"@id\":\"https:\\\/\\\/www.croom.fi\\\/#website\",\"url\":\"https:\\\/\\\/www.croom.fi\\\/\",\"name\":\"cRoom -laitetilat\",\"description\":\"Laitetilojen suunnittelu ja valmistus\",\"publisher\":{\"@id\":\"https:\\\/\\\/www.croom.fi\\\/#organization\"},\"potentialAction\":[{\"@type\":\"SearchAction\",\"target\":{\"@type\":\"EntryPoint\",\"urlTemplate\":\"https:\\\/\\\/www.croom.fi\\\/?s={search_term_string}\"},\"query-input\":{\"@type\":\"PropertyValueSpecification\",\"valueRequired\":true,\"valueName\":\"search_term_string\"}}],\"inLanguage\":\"en-GB\"},{\"@type\":\"Organization\",\"@id\":\"https:\\\/\\\/www.croom.fi\\\/#organization\",\"name\":\"cRoom -laitetilat\",\"url\":\"https:\\\/\\\/www.croom.fi\\\/\",\"logo\":{\"@type\":\"ImageObject\",\"inLanguage\":\"en-GB\",\"@id\":\"https:\\\/\\\/www.croom.fi\\\/#\\\/schema\\\/logo\\\/image\\\/\",\"url\":\"https:\\\/\\\/www.croom.fi\\\/wp-content\\\/uploads\\\/2023\\\/03\\\/croom-logo-alt.svg\",\"contentUrl\":\"https:\\\/\\\/www.croom.fi\\\/wp-content\\\/uploads\\\/2023\\\/03\\\/croom-logo-alt.svg\",\"width\":260,\"height\":38,\"caption\":\"cRoom -laitetilat\"},\"image\":{\"@id\":\"https:\\\/\\\/www.croom.fi\\\/#\\\/schema\\\/logo\\\/image\\\/\"}}]}<\/script>\n<!-- \/ Yoast SEO plugin. -->","yoast_head_json":{"title":"cRoom - Equipment shelters","description":"Equipment shelters from Finland. Our services include equipment shelters needs assessment, design, manufacturing, equipping, installation and transportation.","robots":{"index":"index","follow":"follow","max-snippet":"max-snippet:-1","max-image-preview":"max-image-preview:large","max-video-preview":"max-video-preview:-1"},"canonical":"https:\/\/www.croom.fi\/en\/","og_locale":"en_GB","og_type":"article","og_title":"cRoom -laitetilat - laitetila toiminnan suojaamiseen","og_description":"Kotimaiset laitetilat. Toteuttamamme laitetila sis\u00e4lt\u00e4\u00e4 tarvekartoituksen, suunnittelun, valmistamisen, varustelun ja kuljetuksen.","og_url":"https:\/\/www.croom.fi\/en\/","og_site_name":"cRoom -laitetilat","article_modified_time":"2024-03-26T09:01:28+00:00","og_image":[{"width":2000,"height":900,"url":"https:\/\/www.croom.fi\/wp-content\/uploads\/2023\/10\/croom-laitetilat.jpg","type":"image\/jpeg"}],"twitter_card":"summary_large_image","twitter_misc":{"Estimated reading time":"1 minute"},"schema":{"@context":"https:\/\/schema.org","@graph":[{"@type":"WebPage","@id":"https:\/\/www.croom.fi\/","url":"https:\/\/www.croom.fi\/","name":"cRoom - Equipment shelters","isPartOf":{"@id":"https:\/\/www.croom.fi\/#website"},"primaryImageOfPage":{"@id":"https:\/\/www.croom.fi\/#primaryimage"},"image":{"@id":"https:\/\/www.croom.fi\/#primaryimage"},"thumbnailUrl":"https:\/\/www.croom.fi\/wp-content\/uploads\/2023\/10\/croom-laitetilat.jpg","datePublished":"2023-03-14T17:14:29+00:00","dateModified":"2024-03-26T09:01:28+00:00","description":"Equipment shelters from Finland. Our services include equipment shelters needs assessment, design, manufacturing, equipping, installation and transportation.","breadcrumb":{"@id":"https:\/\/www.croom.fi\/#breadcrumb"},"inLanguage":"en-GB","potentialAction":[{"@type":"ReadAction","target":["https:\/\/www.croom.fi\/"]}]},{"@type":"ImageObject","inLanguage":"en-GB","@id":"https:\/\/www.croom.fi\/#primaryimage","url":"https:\/\/www.croom.fi\/wp-content\/uploads\/2023\/10\/croom-laitetilat.jpg","contentUrl":"https:\/\/www.croom.fi\/wp-content\/uploads\/2023\/10\/croom-laitetilat.jpg","width":2000,"height":900},{"@type":"BreadcrumbList","@id":"https:\/\/www.croom.fi\/#breadcrumb","itemListElement":[{"@type":"ListItem","position":1,"name":"Etusivu","item":"https:\/\/www.croom.fi\/"},{"@type":"ListItem","position":2,"name":"Etusivu"}]},{"@type":"WebSite","@id":"https:\/\/www.croom.fi\/#website","url":"https:\/\/www.croom.fi\/","name":"cRoom - Equipment shelters","description":"Design and manufacture of equipment rooms","publisher":{"@id":"https:\/\/www.croom.fi\/#organization"},"potentialAction":[{"@type":"SearchAction","target":{"@type":"EntryPoint","urlTemplate":"https:\/\/www.croom.fi\/?s={search_term_string}"},"query-input":{"@type":"PropertyValueSpecification","valueRequired":true,"valueName":"search_term_string"}}],"inLanguage":"en-GB"},{"@type":"Organization","@id":"https:\/\/www.croom.fi\/#organization","name":"cRoom - Equipment shelters","url":"https:\/\/www.croom.fi\/","logo":{"@type":"ImageObject","inLanguage":"en-GB","@id":"https:\/\/www.croom.fi\/#\/schema\/logo\/image\/","url":"https:\/\/www.croom.fi\/wp-content\/uploads\/2023\/03\/croom-logo-alt.svg","contentUrl":"https:\/\/www.croom.fi\/wp-content\/uploads\/2023\/03\/croom-logo-alt.svg","width":260,"height":38,"caption":"cRoom -laitetilat"},"image":{"@id":"https:\/\/www.croom.fi\/#\/schema\/logo\/image\/"}}]}},"_links":{"self":[{"href":"https:\/\/www.croom.fi\/en\/wp-json\/wp\/v2\/pages\/100","targetHints":{"allow":["GET"]}}],"collection":[{"href":"https:\/\/www.croom.fi\/en\/wp-json\/wp\/v2\/pages"}],"about":[{"href":"https:\/\/www.croom.fi\/en\/wp-json\/wp\/v2\/types\/page"}],"author":[{"embeddable":true,"href":"https:\/\/www.croom.fi\/en\/wp-json\/wp\/v2\/users\/1"}],"replies":[{"embeddable":true,"href":"https:\/\/www.croom.fi\/en\/wp-json\/wp\/v2\/comments?post=100"}],"version-history":[{"count":200,"href":"https:\/\/www.croom.fi\/en\/wp-json\/wp\/v2\/pages\/100\/revisions"}],"predecessor-version":[{"id":2827,"href":"https:\/\/www.croom.fi\/en\/wp-json\/wp\/v2\/pages\/100\/revisions\/2827"}],"wp:featuredmedia":[{"embeddable":true,"href":"https:\/\/www.croom.fi\/en\/wp-json\/wp\/v2\/media\/1489"}],"wp:attachment":[{"href":"https:\/\/www.croom.fi\/en\/wp-json\/wp\/v2\/media?parent=100"}],"curies":[{"name":"wp","href":"https:\/\/api.w.org\/{rel}","templated":true}]}}