{"id":3494,"date":"2025-02-26T18:42:57","date_gmt":"2025-02-26T16:42:57","guid":{"rendered":"https:\/\/www.croom.fi\/?page_id=3494"},"modified":"2025-08-14T11:01:55","modified_gmt":"2025-08-14T08:01:55","slug":"kundengeschichten","status":"publish","type":"page","link":"https:\/\/www.croom.fi\/de\/asiakastarinat\/","title":{"rendered":"Kundengeschichten"},"content":{"rendered":"<div id=\"wp-block-themeisle-blocks-advanced-columns-2c60bc77\" class=\"wp-block-themeisle-blocks-advanced-columns alignfull has-1-columns has-desktop-equal-layout has-tablet-equal-layout has-mobile-equal-layout has-vertical-center ticss-c00aadba\"><div class=\"wp-block-themeisle-blocks-advanced-columns-overlay\"><\/div><div class=\"innerblocks-wrap\">\n<div id=\"wp-block-themeisle-blocks-advanced-column-75b9263d\" class=\"wp-block-themeisle-blocks-advanced-column\">\n<h1 class=\"wp-block-heading has-white-color has-text-color has-link-color wp-elements-582c9cfbf928cd9b4baebf0f194b010c\" style=\"font-size:50px\">Kundengeschichten als Teil des Erfolgs<\/h1>\n\n\n\n<div class=\"wp-block-columns is-layout-flex wp-container-core-columns-is-layout-28f84493 wp-block-columns-is-layout-flex\">\n<div class=\"wp-block-column is-layout-flow wp-block-column-is-layout-flow\" style=\"flex-basis:60%\">\n<p class=\"has-32-font-size slow delay-1s has-white-color has-text-color has-link-color wp-elements-04d427814d72b71fb31e108d26e2c666\" style=\"font-size:22px\">Kundengeschichten sind ein wichtiger Bestandteil unseres Gesch\u00e4ftserfolgs und zeigen konkret, wie unsere L\u00f6sungen unseren Kunden zum Erfolg verhelfen. Kundengeschichten sind nicht einfach nur Geschichten - sie sind ein Beweis f\u00fcr den Wert, den wir in unser Gesch\u00e4ft einbringen und wie wir uns verbessern.<\/p>\n<\/div>\n\n\n\n<div class=\"wp-block-column is-vertically-aligned-center is-layout-flow wp-block-column-is-layout-flow\" style=\"flex-basis:40%\"><\/div>\n<\/div>\n<\/div>\n<\/div><div class=\"wp-block-themeisle-blocks-advanced-columns-separators bottom\"><svg id=\"slant\" fill=\"#ffffff\" viewbox=\"0 0 100 100\" width=\"100%\" height=\"100\" preserveaspectratio=\"none\" xmlns=\"http:\/\/www.w3.org\/2000\/svg\" class=\"rotate\"><path d=\"M0 0 L0 100 L100 0 Z\"><\/path><\/svg><\/div><\/div>\n\n\n\n<div class=\"wp-block-columns are-vertically-aligned-center is-layout-flex wp-container-core-columns-is-layout-28f84493 wp-block-columns-is-layout-flex\">\n<div class=\"wp-block-column is-vertically-aligned-center is-layout-flow wp-block-column-is-layout-flow\" style=\"flex-basis:35%\">\n<div style=\"height:25px\" aria-hidden=\"true\" class=\"wp-block-spacer\"><\/div>\n\n\n\n<figure data-wp-context=\"{&quot;imageId&quot;:&quot;69e3272f89aa2&quot;}\" data-wp-interactive=\"core\/image\" data-wp-key=\"69e3272f89aa2\" class=\"wp-block-image aligncenter size-large is-resized wp-lightbox-container\"><img loading=\"lazy\" decoding=\"async\" width=\"260\" height=\"38\" data-wp-class--hide=\"state.isContentHidden\" data-wp-class--show=\"state.isContentVisible\" data-wp-init=\"callbacks.setButtonStyles\" data-wp-on--click=\"actions.showLightbox\" data-wp-on--load=\"callbacks.setButtonStyles\" data-wp-on-window--resize=\"callbacks.setButtonStyles\" src=\"https:\/\/www.croom.fi\/wp-content\/uploads\/2023\/03\/croom-logo-alt.svg\" alt=\"\" class=\"wp-image-110\" style=\"width:500px\"\/><button\n\t\t\tclass=\"lightbox-trigger\"\n\t\t\ttype=\"button\"\n\t\t\taria-haspopup=\"dialog\"\n\t\t\taria-label=\"Vergr\u00f6\u00dfern\"\n\t\t\tdata-wp-init=\"callbacks.initTriggerButton\"\n\t\t\tdata-wp-on--click=\"actions.showLightbox\"\n\t\t\tdata-wp-style--right=\"state.imageButtonRight\"\n\t\t\tdata-wp-style--top=\"state.imageButtonTop\"\n\t\t>\n\t\t\t<svg xmlns=\"http:\/\/www.w3.org\/2000\/svg\" width=\"12\" height=\"12\" fill=\"none\" viewbox=\"0 0 12 12\">\n\t\t\t\t<path fill=\"#fff\" d=\"M2 0a2 2 0 0 0-2 2v2h1.5V2a.5.5 0 0 1 .5-.5h2V0H2Zm2 10.5H2a.5.5 0 0 1-.5-.5V8H0v2a2 2 0 0 0 2 2h2v-1.5ZM8 12v-1.5h2a.5.5 0 0 0 .5-.5V8H12v2a2 2 0 0 1-2 2H8Zm2-12a2 2 0 0 1 2 2v2h-1.5V2a.5.5 0 0 0-.5-.5H8V0h2Z\" \/>\n\t\t\t<\/svg>\n\t\t<\/button><\/figure>\n<\/div>\n\n\n\n<div class=\"wp-block-column is-vertically-aligned-center is-layout-flow wp-container-core-column-is-layout-4c149245 wp-block-column-is-layout-flow\" style=\"padding-left:var(--wp--preset--spacing--60)\">\n<h2 class=\"wp-block-heading\" style=\"font-size:46px\">Jedes Projekt ist gleich wichtig<\/h2>\n\n\n\n<p><strong>Jedes Projekt ist f\u00fcr uns gleich wichtig, und das Feedback unserer Kunden spielt eine wichtige Rolle bei der Verbesserung unserer Arbeit. <\/strong><\/p>\n\n\n\n<p>Wir h\u00f6ren unseren Kunden zu und nutzen das Feedback, um unsere Produkte und Abl\u00e4ufe zu verbessern. So stellen wir sicher, dass wir immer die bestm\u00f6gliche Umsetzung und den bestm\u00f6glichen Service bieten.<\/p>\n<\/div>\n<\/div>\n\n\n\n<div style=\"height:50px\" aria-hidden=\"true\" class=\"wp-block-spacer\"><\/div>\n\n\n\n<div class=\"wp-block-group alignfull is-layout-constrained wp-container-core-group-is-layout-e3d2490c wp-block-group-is-layout-constrained\" style=\"margin-top:0;margin-bottom:0;padding-top:var(--wp--preset--spacing--80);padding-right:var(--wp--preset--spacing--40);padding-bottom:var(--wp--preset--spacing--80);padding-left:var(--wp--preset--spacing--40)\">\n<div data-wp-context=\"{}\" data-wp-interactive=\"core\/query\" data-wp-key=\"4\" data-wp-router-region=\"query-4\" class=\"wp-block-query alignwide is-layout-flow wp-block-query-is-layout-flow\"><ul class=\"columns-3 alignwide  wp-block-post-template is-layout-grid wp-container-core-post-template-is-layout-f39bca43 wp-block-post-template-is-layout-grid\"><li data-wp-key=\"post-template-item-3938\" class=\"wp-block-post post-3938 post type-post status-publish format-standard has-post-thumbnail hentry category-asiakastarinat\">\n\n<div class=\"wp-block-group is-layout-flow wp-container-core-group-is-layout-a77db08e wp-block-group-is-layout-flow\"><figure style=\"aspect-ratio:16\/9;\" class=\"wp-block-post-featured-image\"><a href=\"https:\/\/www.croom.fi\/de\/asiakastarina-fiberwood\/\" target=\"_self\"  ><img loading=\"lazy\" decoding=\"async\" width=\"1200\" height=\"760\" src=\"https:\/\/www.croom.fi\/wp-content\/uploads\/2025\/05\/croom-fiberwood-1.jpg\" class=\"attachment-post-thumbnail size-post-thumbnail wp-post-image\" alt=\"Kundengeschichte - Fiberwood\" style=\"width:100%;height:100%;object-fit:cover;\" srcset=\"https:\/\/www.croom.fi\/wp-content\/uploads\/2025\/05\/croom-fiberwood-1.jpg 1200w, https:\/\/www.croom.fi\/wp-content\/uploads\/2025\/05\/croom-fiberwood-1-300x190.jpg 300w, https:\/\/www.croom.fi\/wp-content\/uploads\/2025\/05\/croom-fiberwood-1-1024x649.jpg 1024w, https:\/\/www.croom.fi\/wp-content\/uploads\/2025\/05\/croom-fiberwood-1-768x486.jpg 768w, https:\/\/www.croom.fi\/wp-content\/uploads\/2025\/05\/croom-fiberwood-1-18x12.jpg 18w\" sizes=\"auto, (max-width: 1200px) 100vw, 1200px\" \/><\/a><\/figure>\n\n\n<div class=\"wp-block-group has-custom-tausta-background-color has-background is-content-justification-left is-layout-constrained wp-container-core-group-is-layout-ecd84a09 wp-block-group-is-layout-constrained\" style=\"padding-top:var(--wp--preset--spacing--40);padding-right:var(--wp--preset--spacing--40);padding-bottom:var(--wp--preset--spacing--40);padding-left:var(--wp--preset--spacing--40)\">\n<div class=\"wp-block-group has-small-font-size is-content-justification-space-between is-nowrap is-layout-flex wp-container-core-group-is-layout-cb46ffcb wp-block-group-is-layout-flex\"><div class=\"wp-block-post-date\"><time datetime=\"2025-05-28T10:04:11+03:00\">28.5.2025<\/time><\/div>\n\n<div class=\"taxonomy-category wp-block-post-terms\"><a href=\"https:\/\/www.croom.fi\/de\/category\/asiakastarinat\/\" rel=\"tag\">Kundengeschichten<\/a><\/div><\/div>\n\n\n<h2 class=\"has-text-align-left has-link-color wp-elements-4672ae029b03d41a47cf5aa35a59c294 wp-block-post-title has-text-color has-custom-oranssi-color has-medium-font-size\"><a href=\"https:\/\/www.croom.fi\/de\/asiakastarina-fiberwood\/\" target=\"_self\" >Kundengeschichte - Fiberwood<\/a><\/h2>\n\n<div class=\"has-link-color ticss-096e76e8 wp-elements-1429afba745510ec277782ad6eaca7aa wp-block-post-excerpt\"><p class=\"wp-block-post-excerpt__excerpt\">Innovativer und modularer Elektroraum mit Holzstruktur Fiberwood ben\u00f6tigte eine Pr\u00fcfmaschine f\u00fcr sein Werk in J\u00e4rvenp\u00e4\u00e4...<\/p><p class=\"wp-block-post-excerpt__more-text\"><a class=\"wp-block-post-excerpt__more-link\" href=\"https:\/\/www.croom.fi\/de\/asiakastarina-fiberwood\/\"><strong>READ MORE<\/strong><\/a><\/p><\/div><\/div>\n<\/div>\n\n<\/li><li data-wp-key=\"post-template-item-3492\" class=\"wp-block-post post-3492 post type-post status-publish format-standard has-post-thumbnail hentry category-asiakastarinat\">\n\n<div class=\"wp-block-group is-layout-flow wp-container-core-group-is-layout-a77db08e wp-block-group-is-layout-flow\"><figure style=\"aspect-ratio:16\/9;\" class=\"wp-block-post-featured-image\"><a href=\"https:\/\/www.croom.fi\/de\/asiakastarina-digita\/\" target=\"_self\"  ><img loading=\"lazy\" decoding=\"async\" width=\"1000\" height=\"1000\" src=\"https:\/\/www.croom.fi\/wp-content\/uploads\/2025\/02\/croom-asikastarinat-digita.jpg\" class=\"attachment-post-thumbnail size-post-thumbnail wp-post-image\" alt=\"Kundengeschichte - Digita\" style=\"width:100%;height:100%;object-fit:cover;\" srcset=\"https:\/\/www.croom.fi\/wp-content\/uploads\/2025\/02\/croom-asikastarinat-digita.jpg 1000w, https:\/\/www.croom.fi\/wp-content\/uploads\/2025\/02\/croom-asikastarinat-digita-300x300.jpg 300w, https:\/\/www.croom.fi\/wp-content\/uploads\/2025\/02\/croom-asikastarinat-digita-150x150.jpg 150w, https:\/\/www.croom.fi\/wp-content\/uploads\/2025\/02\/croom-asikastarinat-digita-768x768.jpg 768w, https:\/\/www.croom.fi\/wp-content\/uploads\/2025\/02\/croom-asikastarinat-digita-12x12.jpg 12w\" sizes=\"auto, (max-width: 1000px) 100vw, 1000px\" \/><\/a><\/figure>\n\n\n<div class=\"wp-block-group has-custom-tausta-background-color has-background is-content-justification-left is-layout-constrained wp-container-core-group-is-layout-ecd84a09 wp-block-group-is-layout-constrained\" style=\"padding-top:var(--wp--preset--spacing--40);padding-right:var(--wp--preset--spacing--40);padding-bottom:var(--wp--preset--spacing--40);padding-left:var(--wp--preset--spacing--40)\">\n<div class=\"wp-block-group has-small-font-size is-content-justification-space-between is-nowrap is-layout-flex wp-container-core-group-is-layout-cb46ffcb wp-block-group-is-layout-flex\"><div class=\"wp-block-post-date\"><time datetime=\"2025-03-27T10:01:14+02:00\">27.3.2025<\/time><\/div>\n\n<div class=\"taxonomy-category wp-block-post-terms\"><a href=\"https:\/\/www.croom.fi\/de\/category\/asiakastarinat\/\" rel=\"tag\">Kundengeschichten<\/a><\/div><\/div>\n\n\n<h2 class=\"has-text-align-left has-link-color wp-elements-4672ae029b03d41a47cf5aa35a59c294 wp-block-post-title has-text-color has-custom-oranssi-color has-medium-font-size\"><a href=\"https:\/\/www.croom.fi\/de\/asiakastarina-digita\/\" target=\"_self\" >Kundengeschichte - Digita<\/a><\/h2>\n\n<div class=\"has-link-color ticss-096e76e8 wp-elements-1429afba745510ec277782ad6eaca7aa wp-block-post-excerpt\"><p class=\"wp-block-post-excerpt__excerpt\">Der ma\u00dfgeschneiderte Ger\u00e4teraum von Croom f\u00fcr den Maststandort wurde in Zusammenarbeit mit Digita's Digitaler Infrastruktur und...<\/p><p class=\"wp-block-post-excerpt__more-text\"><a class=\"wp-block-post-excerpt__more-link\" href=\"https:\/\/www.croom.fi\/de\/asiakastarina-digita\/\"><strong>READ MORE<\/strong><\/a><\/p><\/div><\/div>\n<\/div>\n\n<\/li><li data-wp-key=\"post-template-item-3723\" class=\"wp-block-post post-3723 post type-post status-publish format-standard has-post-thumbnail hentry category-asiakastarinat\">\n\n<div class=\"wp-block-group is-layout-flow wp-container-core-group-is-layout-a77db08e wp-block-group-is-layout-flow\"><figure style=\"aspect-ratio:16\/9;\" class=\"wp-block-post-featured-image\"><a href=\"https:\/\/www.croom.fi\/de\/asiakastarina-lisaa-tulossa\/\" target=\"_self\"  ><img loading=\"lazy\" decoding=\"async\" width=\"512\" height=\"512\" src=\"https:\/\/www.croom.fi\/wp-content\/uploads\/2024\/02\/croom-favicon.jpg\" class=\"attachment-post-thumbnail size-post-thumbnail wp-post-image\" alt=\"Kundengeschichte - Mehr dazu in K\u00fcrze\" style=\"width:100%;height:100%;object-fit:cover;\" srcset=\"https:\/\/www.croom.fi\/wp-content\/uploads\/2024\/02\/croom-favicon.jpg 512w, https:\/\/www.croom.fi\/wp-content\/uploads\/2024\/02\/croom-favicon-300x300.jpg 300w, https:\/\/www.croom.fi\/wp-content\/uploads\/2024\/02\/croom-favicon-150x150.jpg 150w\" sizes=\"auto, (max-width: 512px) 100vw, 512px\" \/><\/a><\/figure>\n\n\n<div class=\"wp-block-group has-custom-tausta-background-color has-background is-content-justification-left is-layout-constrained wp-container-core-group-is-layout-ecd84a09 wp-block-group-is-layout-constrained\" style=\"padding-top:var(--wp--preset--spacing--40);padding-right:var(--wp--preset--spacing--40);padding-bottom:var(--wp--preset--spacing--40);padding-left:var(--wp--preset--spacing--40)\">\n<div class=\"wp-block-group has-small-font-size is-content-justification-space-between is-nowrap is-layout-flex wp-container-core-group-is-layout-cb46ffcb wp-block-group-is-layout-flex\"><div class=\"wp-block-post-date\"><time datetime=\"2025-01-01T13:40:00+02:00\">1.1.2025<\/time><\/div>\n\n<div class=\"taxonomy-category wp-block-post-terms\"><a href=\"https:\/\/www.croom.fi\/de\/category\/asiakastarinat\/\" rel=\"tag\">Kundengeschichten<\/a><\/div><\/div>\n\n\n<h2 class=\"has-text-align-left has-link-color wp-elements-4672ae029b03d41a47cf5aa35a59c294 wp-block-post-title has-text-color has-custom-oranssi-color has-medium-font-size\"><a href=\"https:\/\/www.croom.fi\/de\/asiakastarina-lisaa-tulossa\/\" target=\"_self\" >Kundengeschichte - Mehr dazu in K\u00fcrze<\/a><\/h2>\n\n<div class=\"has-link-color ticss-096e76e8 wp-elements-1429afba745510ec277782ad6eaca7aa wp-block-post-excerpt\"><p class=\"wp-block-post-excerpt__excerpt\">Weitere Kundengeschichten in K\u00fcrze<\/p><p class=\"wp-block-post-excerpt__more-text\"><a class=\"wp-block-post-excerpt__more-link\" href=\"https:\/\/www.croom.fi\/de\/asiakastarina-lisaa-tulossa\/\"><strong>READ MORE<\/strong><\/a><\/p><\/div><\/div>\n<\/div>\n\n<\/li><\/ul>\n\n\n<div class=\"wp-block-group is-layout-flow wp-block-group-is-layout-flow\" style=\"margin-top:var(--wp--preset--spacing--60);margin-bottom:var(--wp--preset--spacing--60)\"><\/div>\n\n\n<\/div>\n<\/div>\n\n\n\n<div style=\"height:50px\" aria-hidden=\"true\" class=\"wp-block-spacer\"><\/div>\n\n\n\n<div id=\"wp-block-themeisle-blocks-advanced-columns-678cc482\" class=\"wp-block-themeisle-blocks-advanced-columns alignfull has-1-columns has-desktop-equal-layout has-tablet-equal-layout has-mobile-collapsedRows-layout has-reverse-columns-mobile has-vertical-bottom ticss-c00aadba\"><div class=\"wp-block-themeisle-blocks-advanced-columns-overlay\"><\/div><div class=\"innerblocks-wrap\">\n<div id=\"wp-block-themeisle-blocks-advanced-column-4d412c51\" class=\"wp-block-themeisle-blocks-advanced-column\">\n<h2 id=\"wp-block-themeisle-blocks-advanced-heading-fb3c7a39\" class=\"wp-block-themeisle-blocks-advanced-heading wp-block-themeisle-blocks-advanced-heading-fb3c7a39\">Brauchen Sie eine eigene Umsetzung?<\/h2>\n\n\n\n<div class=\"wp-block-buttons is-content-justification-center is-layout-flex wp-container-core-buttons-is-layout-a89b3969 wp-block-buttons-is-layout-flex\">\n<div class=\"wp-block-button is-style-primary\"><a class=\"wp-block-button__link wp-element-button\" href=\"https:\/\/www.croom.fi\/de\/kontaktdaten\/\">Kontaktieren Sie unseren Vertrieb<\/a><\/div>\n<\/div>\n<\/div>\n<\/div><\/div>","protected":false},"excerpt":{"rendered":"<p>Jedes Projekt ist gleich wichtig Jedes Projekt ist f\u00fcr uns gleich wichtig, und das Feedback unserer Kunden spielt eine wichtige Rolle bei unserer Entwicklung. Wir h\u00f6ren unseren Kunden zu und nutzen das Feedback, um unsere Produkte und Abl\u00e4ufe zu verbessern, damit wir stets die bestm\u00f6gliche Umsetzung und den besten Service bieten k\u00f6nnen.<\/p>","protected":false},"author":1,"featured_media":0,"parent":0,"menu_order":0,"comment_status":"closed","ping_status":"closed","template":"","meta":{"inline_featured_image":false,"_themeisle_gutenberg_block_has_review":false,"footnotes":""},"class_list":["post-3494","page","type-page","status-publish","hentry"],"yoast_head":"<!-- This site is optimized with the Yoast SEO plugin v27.3 - https:\/\/yoast.com\/product\/yoast-seo-wordpress\/ -->\n<title>Asiakastarinat - cRoom -laitetilat<\/title>\n<meta name=\"robots\" content=\"index, follow, max-snippet:-1, max-image-preview:large, max-video-preview:-1\" \/>\n<link rel=\"canonical\" href=\"https:\/\/www.croom.fi\/de\/kundengeschichten\/\" \/>\n<meta property=\"og:locale\" content=\"de_DE\" \/>\n<meta property=\"og:type\" content=\"article\" \/>\n<meta property=\"og:title\" content=\"Asiakastarinat - cRoom -laitetilat\" \/>\n<meta property=\"og:description\" content=\"Jokainen projekti on yht\u00e4 t\u00e4rke\u00e4 Jokainen projekti on meille yht\u00e4 t\u00e4rke\u00e4, ja asiakaspalautteella on t\u00e4rke\u00e4 rooli toimintamme kehitt\u00e4misess\u00e4. Kuuntelemme asiakkaitamme ja hy\u00f6dynn\u00e4mme palautetta tuotteidemme ja toiminnan parantamiseen N\u00e4in varmistamme, ett\u00e4 tarjoamme aina parasta mahdollista toteutusta ja palvelua.\" \/>\n<meta property=\"og:url\" content=\"https:\/\/www.croom.fi\/de\/kundengeschichten\/\" \/>\n<meta property=\"og:site_name\" content=\"cRoom -laitetilat\" \/>\n<meta property=\"article:modified_time\" content=\"2025-08-14T08:01:55+00:00\" \/>\n<meta name=\"twitter:card\" content=\"summary_large_image\" \/>\n<meta name=\"twitter:label1\" content=\"Gesch\u00e4tzte Lesezeit\" \/>\n\t<meta name=\"twitter:data1\" content=\"1\u00a0Minute\" \/>\n<script type=\"application\/ld+json\" class=\"yoast-schema-graph\">{\"@context\":\"https:\\\/\\\/schema.org\",\"@graph\":[{\"@type\":\"WebPage\",\"@id\":\"https:\\\/\\\/www.croom.fi\\\/asiakastarinat\\\/\",\"url\":\"https:\\\/\\\/www.croom.fi\\\/asiakastarinat\\\/\",\"name\":\"Asiakastarinat - cRoom -laitetilat\",\"isPartOf\":{\"@id\":\"https:\\\/\\\/www.croom.fi\\\/#website\"},\"primaryImageOfPage\":{\"@id\":\"https:\\\/\\\/www.croom.fi\\\/asiakastarinat\\\/#primaryimage\"},\"image\":{\"@id\":\"https:\\\/\\\/www.croom.fi\\\/asiakastarinat\\\/#primaryimage\"},\"thumbnailUrl\":\"https:\\\/\\\/www.croom.fi\\\/wp-content\\\/uploads\\\/2023\\\/03\\\/croom-logo-alt.svg\",\"datePublished\":\"2025-02-26T16:42:57+00:00\",\"dateModified\":\"2025-08-14T08:01:55+00:00\",\"breadcrumb\":{\"@id\":\"https:\\\/\\\/www.croom.fi\\\/asiakastarinat\\\/#breadcrumb\"},\"inLanguage\":\"de\",\"potentialAction\":[{\"@type\":\"ReadAction\",\"target\":[\"https:\\\/\\\/www.croom.fi\\\/asiakastarinat\\\/\"]}]},{\"@type\":\"ImageObject\",\"inLanguage\":\"de\",\"@id\":\"https:\\\/\\\/www.croom.fi\\\/asiakastarinat\\\/#primaryimage\",\"url\":\"https:\\\/\\\/www.croom.fi\\\/wp-content\\\/uploads\\\/2023\\\/03\\\/croom-logo-alt.svg\",\"contentUrl\":\"https:\\\/\\\/www.croom.fi\\\/wp-content\\\/uploads\\\/2023\\\/03\\\/croom-logo-alt.svg\"},{\"@type\":\"BreadcrumbList\",\"@id\":\"https:\\\/\\\/www.croom.fi\\\/asiakastarinat\\\/#breadcrumb\",\"itemListElement\":[{\"@type\":\"ListItem\",\"position\":1,\"name\":\"Etusivu\",\"item\":\"https:\\\/\\\/www.croom.fi\\\/\"},{\"@type\":\"ListItem\",\"position\":2,\"name\":\"Asiakastarinat\"}]},{\"@type\":\"WebSite\",\"@id\":\"https:\\\/\\\/www.croom.fi\\\/#website\",\"url\":\"https:\\\/\\\/www.croom.fi\\\/\",\"name\":\"cRoom -laitetilat\",\"description\":\"Laitetilojen suunnittelu ja valmistus\",\"publisher\":{\"@id\":\"https:\\\/\\\/www.croom.fi\\\/#organization\"},\"potentialAction\":[{\"@type\":\"SearchAction\",\"target\":{\"@type\":\"EntryPoint\",\"urlTemplate\":\"https:\\\/\\\/www.croom.fi\\\/?s={search_term_string}\"},\"query-input\":{\"@type\":\"PropertyValueSpecification\",\"valueRequired\":true,\"valueName\":\"search_term_string\"}}],\"inLanguage\":\"de\"},{\"@type\":\"Organization\",\"@id\":\"https:\\\/\\\/www.croom.fi\\\/#organization\",\"name\":\"cRoom -laitetilat\",\"url\":\"https:\\\/\\\/www.croom.fi\\\/\",\"logo\":{\"@type\":\"ImageObject\",\"inLanguage\":\"de\",\"@id\":\"https:\\\/\\\/www.croom.fi\\\/#\\\/schema\\\/logo\\\/image\\\/\",\"url\":\"https:\\\/\\\/www.croom.fi\\\/wp-content\\\/uploads\\\/2023\\\/03\\\/croom-logo-alt.svg\",\"contentUrl\":\"https:\\\/\\\/www.croom.fi\\\/wp-content\\\/uploads\\\/2023\\\/03\\\/croom-logo-alt.svg\",\"width\":260,\"height\":38,\"caption\":\"cRoom -laitetilat\"},\"image\":{\"@id\":\"https:\\\/\\\/www.croom.fi\\\/#\\\/schema\\\/logo\\\/image\\\/\"}}]}<\/script>\n<!-- \/ Yoast SEO plugin. -->","yoast_head_json":{"title":"Kundengeschichten - cRoom Technikr\u00e4ume","robots":{"index":"index","follow":"follow","max-snippet":"max-snippet:-1","max-image-preview":"max-image-preview:large","max-video-preview":"max-video-preview:-1"},"canonical":"https:\/\/www.croom.fi\/de\/kundengeschichten\/","og_locale":"de_DE","og_type":"article","og_title":"Asiakastarinat - cRoom -laitetilat","og_description":"Jokainen projekti on yht\u00e4 t\u00e4rke\u00e4 Jokainen projekti on meille yht\u00e4 t\u00e4rke\u00e4, ja asiakaspalautteella on t\u00e4rke\u00e4 rooli toimintamme kehitt\u00e4misess\u00e4. Kuuntelemme asiakkaitamme ja hy\u00f6dynn\u00e4mme palautetta tuotteidemme ja toiminnan parantamiseen N\u00e4in varmistamme, ett\u00e4 tarjoamme aina parasta mahdollista toteutusta ja palvelua.","og_url":"https:\/\/www.croom.fi\/de\/kundengeschichten\/","og_site_name":"cRoom -laitetilat","article_modified_time":"2025-08-14T08:01:55+00:00","twitter_card":"summary_large_image","twitter_misc":{"Gesch\u00e4tzte Lesezeit":"1\u00a0Minute"},"schema":{"@context":"https:\/\/schema.org","@graph":[{"@type":"WebPage","@id":"https:\/\/www.croom.fi\/asiakastarinat\/","url":"https:\/\/www.croom.fi\/asiakastarinat\/","name":"Kundengeschichten - cRoom Technikr\u00e4ume","isPartOf":{"@id":"https:\/\/www.croom.fi\/#website"},"primaryImageOfPage":{"@id":"https:\/\/www.croom.fi\/asiakastarinat\/#primaryimage"},"image":{"@id":"https:\/\/www.croom.fi\/asiakastarinat\/#primaryimage"},"thumbnailUrl":"https:\/\/www.croom.fi\/wp-content\/uploads\/2023\/03\/croom-logo-alt.svg","datePublished":"2025-02-26T16:42:57+00:00","dateModified":"2025-08-14T08:01:55+00:00","breadcrumb":{"@id":"https:\/\/www.croom.fi\/asiakastarinat\/#breadcrumb"},"inLanguage":"de","potentialAction":[{"@type":"ReadAction","target":["https:\/\/www.croom.fi\/asiakastarinat\/"]}]},{"@type":"ImageObject","inLanguage":"de","@id":"https:\/\/www.croom.fi\/asiakastarinat\/#primaryimage","url":"https:\/\/www.croom.fi\/wp-content\/uploads\/2023\/03\/croom-logo-alt.svg","contentUrl":"https:\/\/www.croom.fi\/wp-content\/uploads\/2023\/03\/croom-logo-alt.svg"},{"@type":"BreadcrumbList","@id":"https:\/\/www.croom.fi\/asiakastarinat\/#breadcrumb","itemListElement":[{"@type":"ListItem","position":1,"name":"Etusivu","item":"https:\/\/www.croom.fi\/"},{"@type":"ListItem","position":2,"name":"Asiakastarinat"}]},{"@type":"WebSite","@id":"https:\/\/www.croom.fi\/#website","url":"https:\/\/www.croom.fi\/","name":"cRoom - Ausr\u00fcstungsr\u00e4ume","description":"Entwurf und Herstellung von Ausr\u00fcstungsr\u00e4umen","publisher":{"@id":"https:\/\/www.croom.fi\/#organization"},"potentialAction":[{"@type":"SearchAction","target":{"@type":"EntryPoint","urlTemplate":"https:\/\/www.croom.fi\/?s={search_term_string}"},"query-input":{"@type":"PropertyValueSpecification","valueRequired":true,"valueName":"search_term_string"}}],"inLanguage":"de"},{"@type":"Organization","@id":"https:\/\/www.croom.fi\/#organization","name":"cRoom - Ausr\u00fcstungsr\u00e4ume","url":"https:\/\/www.croom.fi\/","logo":{"@type":"ImageObject","inLanguage":"de","@id":"https:\/\/www.croom.fi\/#\/schema\/logo\/image\/","url":"https:\/\/www.croom.fi\/wp-content\/uploads\/2023\/03\/croom-logo-alt.svg","contentUrl":"https:\/\/www.croom.fi\/wp-content\/uploads\/2023\/03\/croom-logo-alt.svg","width":260,"height":38,"caption":"cRoom -laitetilat"},"image":{"@id":"https:\/\/www.croom.fi\/#\/schema\/logo\/image\/"}}]}},"_links":{"self":[{"href":"https:\/\/www.croom.fi\/de\/wp-json\/wp\/v2\/pages\/3494","targetHints":{"allow":["GET"]}}],"collection":[{"href":"https:\/\/www.croom.fi\/de\/wp-json\/wp\/v2\/pages"}],"about":[{"href":"https:\/\/www.croom.fi\/de\/wp-json\/wp\/v2\/types\/page"}],"author":[{"embeddable":true,"href":"https:\/\/www.croom.fi\/de\/wp-json\/wp\/v2\/users\/1"}],"replies":[{"embeddable":true,"href":"https:\/\/www.croom.fi\/de\/wp-json\/wp\/v2\/comments?post=3494"}],"version-history":[{"count":43,"href":"https:\/\/www.croom.fi\/de\/wp-json\/wp\/v2\/pages\/3494\/revisions"}],"predecessor-version":[{"id":4035,"href":"https:\/\/www.croom.fi\/de\/wp-json\/wp\/v2\/pages\/3494\/revisions\/4035"}],"wp:attachment":[{"href":"https:\/\/www.croom.fi\/de\/wp-json\/wp\/v2\/media?parent=3494"}],"curies":[{"name":"wp","href":"https:\/\/api.w.org\/{rel}","templated":true}]}}